{"id":70,"date":"2021-02-06T02:42:58","date_gmt":"2021-02-06T02:42:58","guid":{"rendered":"http:\/\/clubtecleno.org\/?page_id=70"},"modified":"2023-05-30T15:45:35","modified_gmt":"2023-05-30T15:45:35","slug":"salones","status":"publish","type":"page","link":"https:\/\/clubtecleno.org\/index.php\/salones\/","title":{"rendered":"Salones"},"content":{"rendered":"\n<div class=\"wp-block-columns is-layout-flex wp-container-core-columns-is-layout-9d6595d7 wp-block-columns-is-layout-flex\">\n<div class=\"wp-block-column is-layout-flow wp-block-column-is-layout-flow\" style=\"flex-basis:100%\">\n<div class=\"wp-block-columns is-layout-flex wp-container-core-columns-is-layout-9d6595d7 wp-block-columns-is-layout-flex\">\n<div class=\"wp-block-column is-layout-flow wp-block-column-is-layout-flow\">\n<p>\u00bfBuscas el mejor lugar para festejar tus momentos m\u00e1s especiales?<br>En Club Tecle\u00f1o estamos listos para celebrar contigo. Ponemos a tu disposici\u00f3n nuestros salones para la realizaci\u00f3n de eventos, ideales y vers\u00e1tiles para cualquier ocasi\u00f3n.<\/p>\n\n\n\n<p>Contamos con \u00e1reas verdes, glorietas semi-abiertas, salones frente a la piscina y salones cerrados, con capacidades desde las 15 personas por evento. Podr\u00e1s escoger el lugar ideal para festejar tus momentos especiales, dependiendo del tipo de evento que desees llevar a cabo (Bodas, cumplea\u00f1os, Comuniones, Bautizos, Seminarios empresariales, etc.)<\/p>\n\n\n\n<p>No olvides que estamos ubicados en una zona c\u00e9ntrica de nuestra querida Santa Tecla, por lo que a tus invitados les resultar\u00e1 m\u00e1s sencillo llegar, \u00a1No busques m\u00e1s! Adem\u00e1s, contamos con un equipo altamente calificado para atender tus eventos, caracterizados siempre por la excelencia y eficiencia en todas nuestras labores.<\/p>\n<\/div>\n<\/div>\n<\/div>\n<\/div>\n\n\n\n<div class=\"wp-block-columns is-layout-flex wp-container-core-columns-is-layout-9d6595d7 wp-block-columns-is-layout-flex\">\n<div class=\"wp-block-column is-layout-flow wp-block-column-is-layout-flow\">\n<div class=\"wp-block-columns is-layout-flex wp-container-core-columns-is-layout-9d6595d7 wp-block-columns-is-layout-flex\">\n<div class=\"wp-block-column is-layout-flow wp-block-column-is-layout-flow\"><\/div>\n\n\n\n<div class=\"wp-block-column is-layout-flow wp-block-column-is-layout-flow\">\n<h2 class=\"wp-block-heading\">Solicita m\u00e1s informaci\u00f3n<\/h2>\n<\/div>\n<\/div>\n\n\n\n<div class=\"wp-block-columns is-layout-flex wp-container-core-columns-is-layout-9d6595d7 wp-block-columns-is-layout-flex\">\n<div class=\"wp-block-column is-layout-flow wp-block-column-is-layout-flow\">\n<div style=\"display: none;\" class=\"crellyslider-slider crellyslider-slider-fixed crellyslider-slider-salones crellyslider-5\" id=\"crellyslider-5\">\n<ul>\n<li\nstyle=\"\nbackground-color: rgb(255, 255, 255);\nbackground-image: none;\nbackground-position: center center;\nbackground-repeat: no-repeat;\nbackground-size: cover;\n\n\"\ndata-in=\"fade\"\ndata-ease-in=\"300\"\ndata-out=\"fade\"\ndata-ease-out=\"300\"\ndata-time=\"3000\"\n>\n<img\nclass=\"\"\nsrc=\"https:\/\/clubtecleno.org\/wp-content\/uploads\/2021\/07\/salonGLORIETA001-e1634251595526.jpg\"\nalt=\"\"\nstyle=\"\nz-index: 1;\n\n\"\ndata-delay=\"0\"\ndata-ease-in=\"300\"\ndata-ease-out=\"300\"\ndata-in=\"fade\"\ndata-out=\"fade\"\ndata-ignore-ease-out=\"0\"\ndata-top=\"0\"\ndata-left=\"0\"\ndata-time=\"all\"\n\/>\n<\/li>\n<li\nstyle=\"\nbackground-color: rgb(255, 255, 255);\nbackground-image: none;\nbackground-position: center center;\nbackground-repeat: no-repeat;\nbackground-size: cover;\n\n\"\ndata-in=\"fade\"\ndata-ease-in=\"300\"\ndata-out=\"fade\"\ndata-ease-out=\"300\"\ndata-time=\"3000\"\n>\n<img\nclass=\"\"\nsrc=\"https:\/\/clubtecleno.org\/wp-content\/uploads\/2021\/07\/salonHARRISON-e1634251644596.jpg\"\nalt=\"\"\nstyle=\"\nz-index: 1;\n\n\"\ndata-delay=\"0\"\ndata-ease-in=\"300\"\ndata-ease-out=\"300\"\ndata-in=\"fade\"\ndata-out=\"fade\"\ndata-ignore-ease-out=\"0\"\ndata-top=\"0\"\ndata-left=\"0\"\ndata-time=\"all\"\n\/>\n<\/li>\n<li\nstyle=\"\nbackground-color: rgb(255, 255, 255);\nbackground-image: none;\nbackground-position: center center;\nbackground-repeat: no-repeat;\nbackground-size: cover;\n\n\"\ndata-in=\"fade\"\ndata-ease-in=\"300\"\ndata-out=\"fade\"\ndata-ease-out=\"300\"\ndata-time=\"3000\"\n>\n<img\nclass=\"\"\nsrc=\"https:\/\/clubtecleno.org\/wp-content\/uploads\/2021\/07\/salonLA-GLORIA-e1634251637356.jpg\"\nalt=\"\"\nstyle=\"\nz-index: 1;\n\n\"\ndata-delay=\"0\"\ndata-ease-in=\"300\"\ndata-ease-out=\"300\"\ndata-in=\"fade\"\ndata-out=\"fade\"\ndata-ignore-ease-out=\"0\"\ndata-top=\"0\"\ndata-left=\"0\"\ndata-time=\"all\"\n\/>\n<\/li>\n<li\nstyle=\"\nbackground-color: rgb(255, 255, 255);\nbackground-image: none;\nbackground-position: center center;\nbackground-repeat: no-repeat;\nbackground-size: cover;\n\n\"\ndata-in=\"fade\"\ndata-ease-in=\"300\"\ndata-out=\"fade\"\ndata-ease-out=\"300\"\ndata-time=\"3000\"\n>\n<img\nclass=\"\"\nsrc=\"https:\/\/clubtecleno.org\/wp-content\/uploads\/2021\/07\/salonHARRISON-1.jpg\"\nalt=\"\"\nstyle=\"\nz-index: 1;\n\n\"\ndata-delay=\"0\"\ndata-ease-in=\"300\"\ndata-ease-out=\"300\"\ndata-in=\"fade\"\ndata-out=\"fade\"\ndata-ignore-ease-out=\"0\"\ndata-top=\"0\"\ndata-left=\"0\"\ndata-time=\"all\"\n\/>\n<\/li>\n<li\nstyle=\"\nbackground-color: rgb(255, 255, 255);\nbackground-image: none;\nbackground-position: center center;\nbackground-repeat: no-repeat;\nbackground-size: cover;\n\n\"\ndata-in=\"fade\"\ndata-ease-in=\"300\"\ndata-out=\"fade\"\ndata-ease-out=\"300\"\ndata-time=\"3000\"\n>\n<img\nclass=\"0\"\nsrc=\"\"\nalt=\"0\"\nstyle=\"\nz-index: 0;\n\n\"\ndata-delay=\"0\"\ndata-ease-in=\"0\"\ndata-ease-out=\"0\"\ndata-in=\"none\"\ndata-out=\"none\"\ndata-ignore-ease-out=\"1\"\ndata-top=\"0\"\ndata-left=\"1\"\ndata-time=\"fade\"\n\/>\n<img\nclass=\"\"\nsrc=\"https:\/\/clubtecleno.org\/wp-content\/uploads\/2021\/07\/salonPRESIDENTE-e1634251626133.jpg\"\nalt=\"\"\nstyle=\"\nz-index: 1;\n\n\"\ndata-delay=\"0\"\ndata-ease-in=\"300\"\ndata-ease-out=\"300\"\ndata-in=\"fade\"\ndata-out=\"fade\"\ndata-ignore-ease-out=\"0\"\ndata-top=\"0\"\ndata-left=\"0\"\ndata-time=\"all\"\n\/>\n<\/li>\n<li\nstyle=\"\nbackground-color: rgb(255, 255, 255);\nbackground-image: none;\nbackground-position: center center;\nbackground-repeat: no-repeat;\nbackground-size: cover;\n\n\"\ndata-in=\"fade\"\ndata-ease-in=\"300\"\ndata-out=\"fade\"\ndata-ease-out=\"300\"\ndata-time=\"3000\"\n>\n<img\nclass=\"\"\nsrc=\"https:\/\/clubtecleno.org\/wp-content\/uploads\/2021\/07\/SALONPRINCIPAL-e1634251619137.jpg\"\nalt=\"\"\nstyle=\"\nz-index: 1;\n\n\"\ndata-delay=\"0\"\ndata-ease-in=\"300\"\ndata-ease-out=\"300\"\ndata-in=\"fade\"\ndata-out=\"fade\"\ndata-ignore-ease-out=\"0\"\ndata-top=\"0\"\ndata-left=\"0\"\ndata-time=\"all\"\n\/>\n<img\nclass=\"0\"\nsrc=\"\"\nalt=\"0\"\nstyle=\"\nz-index: 0;\n\n\"\ndata-delay=\"0\"\ndata-ease-in=\"0\"\ndata-ease-out=\"0\"\ndata-in=\"none\"\ndata-out=\"none\"\ndata-ignore-ease-out=\"1\"\ndata-top=\"0\"\ndata-left=\"1\"\ndata-time=\"fade\"\n\/>\n<\/li>\n<li\nstyle=\"\nbackground-color: rgb(255, 255, 255);\nbackground-image: none;\nbackground-position: center center;\nbackground-repeat: no-repeat;\nbackground-size: cover;\n\n\"\ndata-in=\"fade\"\ndata-ease-in=\"300\"\ndata-out=\"fade\"\ndata-ease-out=\"300\"\ndata-time=\"3000\"\n>\n<img\nclass=\"0\"\nsrc=\"\"\nalt=\"0\"\nstyle=\"\nz-index: 0;\n\n\"\ndata-delay=\"0\"\ndata-ease-in=\"0\"\ndata-ease-out=\"0\"\ndata-in=\"fade\"\ndata-out=\"fade\"\ndata-ignore-ease-out=\"1\"\ndata-top=\"0\"\ndata-left=\"1\"\ndata-time=\"fade\"\n\/>\n<img\nclass=\"\"\nsrc=\"https:\/\/clubtecleno.org\/wp-content\/uploads\/2021\/07\/SALONSOL-e1634251606624.jpg\"\nalt=\"\"\nstyle=\"\nz-index: 1;\n\n\"\ndata-delay=\"0\"\ndata-ease-in=\"300\"\ndata-ease-out=\"300\"\ndata-in=\"none\"\ndata-out=\"none\"\ndata-ignore-ease-out=\"0\"\ndata-top=\"0\"\ndata-left=\"0\"\ndata-time=\"all\"\n\/>\n<\/li>\n<\/ul>\n<\/div>\n<script type=\"text\/javascript\">\n(function($) {\n$(document).ready(function() {\n$(\"#crellyslider-5\").crellySlider({\nlayout: 'fixed',\nresponsive: 1,\nstartWidth: 500,\nstartHeight: 500,\nautomaticSlide: 1,\nshowControls: 1,\nshowNavigation: 1,\nenableSwipe: 1,\nshowProgressBar: 1,\npauseOnHover: 1,\nrandomOrder: 0,\nstartFromSlide: 0,\nbeforeStart : function() {},\nbeforeSetResponsive : function() {},\nbeforeSlideStart : function() {},\nbeforePause\t: function() {},\nbeforeResume : function() {},\n});\n});\n})(jQuery);\n<\/script>\n\n<\/div>\n\n\n\n<div class=\"wp-block-column is-layout-flow wp-block-column-is-layout-flow\">\n<div class=\"wp-block-contact-form-7-contact-form-selector\">\n<div class=\"wpcf7 no-js\" id=\"wpcf7-f1107-o1\" lang=\"es-ES\" dir=\"ltr\" data-wpcf7-id=\"1107\">\n<div class=\"screen-reader-response\"><p role=\"status\" aria-live=\"polite\" aria-atomic=\"true\"><\/p> <ul><\/ul><\/div>\n<form action=\"\/index.php\/wp-json\/wp\/v2\/pages\/70#wpcf7-f1107-o1\" method=\"post\" class=\"wpcf7-form init\" aria-label=\"Formulario de contacto\" novalidate=\"novalidate\" data-status=\"init\">\n<div style=\"display: none;\">\n<input type=\"hidden\" name=\"_wpcf7\" value=\"1107\" \/>\n<input type=\"hidden\" name=\"_wpcf7_version\" value=\"6.0.4\" \/>\n<input type=\"hidden\" name=\"_wpcf7_locale\" value=\"es_ES\" \/>\n<input type=\"hidden\" name=\"_wpcf7_unit_tag\" value=\"wpcf7-f1107-o1\" \/>\n<input type=\"hidden\" name=\"_wpcf7_container_post\" value=\"0\" \/>\n<input type=\"hidden\" name=\"_wpcf7_posted_data_hash\" value=\"\" \/>\n<input type=\"hidden\" name=\"_wpcf7_recaptcha_response\" value=\"\" \/>\n<\/div>\n<p><label> Tu nombre<br \/>\n<span class=\"wpcf7-form-control-wrap\" data-name=\"your-name\"><input size=\"40\" maxlength=\"400\" class=\"wpcf7-form-control wpcf7-text wpcf7-validates-as-required\" aria-required=\"true\" aria-invalid=\"false\" value=\"\" type=\"text\" name=\"your-name\" \/><\/span> <\/label>\n<\/p>\n<p><label> Tu correo electr\u00f3nico<br \/>\n<span class=\"wpcf7-form-control-wrap\" data-name=\"your-email\"><input size=\"40\" maxlength=\"400\" class=\"wpcf7-form-control wpcf7-email wpcf7-validates-as-required wpcf7-text wpcf7-validates-as-email\" aria-required=\"true\" aria-invalid=\"false\" value=\"\" type=\"email\" name=\"your-email\" \/><\/span> <\/label>\n<\/p>\n<p><label> Asunto<br \/>\n<span class=\"wpcf7-form-control-wrap\" data-name=\"your-subject\"><input size=\"40\" maxlength=\"400\" class=\"wpcf7-form-control wpcf7-text wpcf7-validates-as-required\" aria-required=\"true\" aria-invalid=\"false\" value=\"\" type=\"text\" name=\"your-subject\" \/><\/span> <\/label>\n<\/p>\n<p><label> Tel\u00e9fono<br \/>\n<span class=\"wpcf7-form-control-wrap\" data-name=\"text-579\"><input size=\"40\" maxlength=\"400\" class=\"wpcf7-form-control wpcf7-text\" aria-invalid=\"false\" value=\"\" type=\"text\" name=\"text-579\" \/><\/span> <\/label>\n<\/p>\n<p><label>Sal\u00f3n que deseas alquilar<br \/>\n<span class=\"wpcf7-form-control-wrap\" data-name=\"menu-638\"><select class=\"wpcf7-form-control wpcf7-select\" aria-invalid=\"false\" name=\"menu-638\"><option value=\"Sal\u00f3n Glorieta\">Sal\u00f3n Glorieta<\/option><option value=\"Sal\u00f3n Harrison\">Sal\u00f3n Harrison<\/option><option value=\"Sal\u00f3n La Gloria\">Sal\u00f3n La Gloria<\/option><option value=\"Sal\u00f3n Presidente\">Sal\u00f3n Presidente<\/option><option value=\"Sal\u00f3n Principal\">Sal\u00f3n Principal<\/option><option value=\"Sal\u00f3n Sol\">Sal\u00f3n Sol<\/option><\/select><\/span><\/label>\n<\/p>\n<p><label> Selecciona la fecha en la que deseas realizar tu evento<br \/>\n<span class=\"wpcf7-form-control-wrap\" data-name=\"date-706\"><input class=\"wpcf7-form-control wpcf7-date wpcf7-validates-as-date\" aria-invalid=\"false\" value=\"\" type=\"date\" name=\"date-706\" \/><\/span> <\/label>\n<\/p>\n<p><label>C\u00f3digo de socio<br \/>\n<span class=\"wpcf7-form-control-wrap\" data-name=\"text-283\"><input size=\"40\" maxlength=\"400\" class=\"wpcf7-form-control wpcf7-text wpcf7-validates-as-required\" aria-required=\"true\" aria-invalid=\"false\" value=\"\" type=\"text\" name=\"text-283\" \/><\/span><\/label>\n<\/p>\n<p><label> Comentarios adicionales<br \/>\n<span class=\"wpcf7-form-control-wrap\" data-name=\"your-message\"><textarea cols=\"40\" rows=\"10\" maxlength=\"2000\" class=\"wpcf7-form-control wpcf7-textarea\" aria-invalid=\"false\" name=\"your-message\"><\/textarea><\/span> <\/label>\n<\/p>\n<p><input class=\"wpcf7-form-control wpcf7-submit has-spinner\" type=\"submit\" value=\"Enviar\" \/>\n<\/p><div class=\"wpcf7-response-output\" aria-hidden=\"true\"><\/div>\n<\/form>\n<\/div>\n<\/div>\n<\/div>\n<\/div>\n<\/div>\n<\/div>\n\n\n\n<h2 class=\"has-text-align-center wp-block-heading\">Men\u00fas<\/h2>\n\n\n\n<p class=\"has-text-align-center\">\u00a1Diferentes opciones de men\u00fa para tus eventos!<\/p>\n\n\n\n<div class=\"wp-block-columns is-layout-flex wp-container-core-columns-is-layout-9d6595d7 wp-block-columns-is-layout-flex\">\n<div class=\"wp-block-column is-layout-flow wp-block-column-is-layout-flow\">\n<figure class=\"wp-block-gallery has-nested-images columns-default is-cropped wp-block-gallery-1 is-layout-flex wp-block-gallery-is-layout-flex\">\n<figure class=\"wp-block-image size-large\"><a href=\"https:\/\/clubtecleno.org\/wp-content\/uploads\/2023\/05\/6-MENU-BANQUETE-2-scaled.jpg\"><img fetchpriority=\"high\" decoding=\"async\" width=\"791\" height=\"1024\" data-id=\"1622\" src=\"https:\/\/clubtecleno.org\/wp-content\/uploads\/2023\/05\/6-MENU-BANQUETE-2-791x1024.jpg\" alt=\"\" class=\"wp-image-1622\" srcset=\"https:\/\/clubtecleno.org\/wp-content\/uploads\/2023\/05\/6-MENU-BANQUETE-2-791x1024.jpg 791w, https:\/\/clubtecleno.org\/wp-content\/uploads\/2023\/05\/6-MENU-BANQUETE-2-232x300.jpg 232w, https:\/\/clubtecleno.org\/wp-content\/uploads\/2023\/05\/6-MENU-BANQUETE-2-768x994.jpg 768w, https:\/\/clubtecleno.org\/wp-content\/uploads\/2023\/05\/6-MENU-BANQUETE-2-1187x1536.jpg 1187w, https:\/\/clubtecleno.org\/wp-content\/uploads\/2023\/05\/6-MENU-BANQUETE-2-1583x2048.jpg 1583w, https:\/\/clubtecleno.org\/wp-content\/uploads\/2023\/05\/6-MENU-BANQUETE-2-scaled.jpg 1978w\" sizes=\"(max-width: 791px) 100vw, 791px\" \/><\/a><\/figure>\n<\/figure>\n<\/div>\n\n\n\n<div class=\"wp-block-column is-layout-flow wp-block-column-is-layout-flow\">\n<figure class=\"wp-block-image size-large\"><a href=\"https:\/\/clubtecleno.org\/wp-content\/uploads\/2023\/05\/9-BANQUETE-1-scaled.jpg\"><img decoding=\"async\" width=\"791\" height=\"1024\" src=\"https:\/\/clubtecleno.org\/wp-content\/uploads\/2023\/05\/9-BANQUETE-1-791x1024.jpg\" alt=\"\" class=\"wp-image-1624\" srcset=\"https:\/\/clubtecleno.org\/wp-content\/uploads\/2023\/05\/9-BANQUETE-1-791x1024.jpg 791w, https:\/\/clubtecleno.org\/wp-content\/uploads\/2023\/05\/9-BANQUETE-1-232x300.jpg 232w, https:\/\/clubtecleno.org\/wp-content\/uploads\/2023\/05\/9-BANQUETE-1-768x994.jpg 768w, https:\/\/clubtecleno.org\/wp-content\/uploads\/2023\/05\/9-BANQUETE-1-1187x1536.jpg 1187w, https:\/\/clubtecleno.org\/wp-content\/uploads\/2023\/05\/9-BANQUETE-1-1583x2048.jpg 1583w, https:\/\/clubtecleno.org\/wp-content\/uploads\/2023\/05\/9-BANQUETE-1-scaled.jpg 1978w\" sizes=\"(max-width: 791px) 100vw, 791px\" \/><\/a><\/figure>\n<\/div>\n<\/div>\n","protected":false},"excerpt":{"rendered":"<p>\u00bfBuscas el mejor lugar para festejar tus momentos m\u00e1s especiales?En Club Tecle\u00f1o estamos listos para celebrar contigo. Ponemos a tu disposici\u00f3n nuestros salones para la realizaci\u00f3n de eventos, ideales y vers\u00e1tiles para cualquier ocasi\u00f3n. Contamos con \u00e1reas verdes, glorietas semi-abiertas, salones frente a la piscina y salones cerrados, con capacidades&#8230;<\/p>\n","protected":false},"author":2,"featured_media":0,"parent":0,"menu_order":0,"comment_status":"closed","ping_status":"closed","template":"page-templates\/full-width.php","meta":{"footnotes":""},"class_list":["post-70","page","type-page","status-publish","hentry"],"_links":{"self":[{"href":"https:\/\/clubtecleno.org\/index.php\/wp-json\/wp\/v2\/pages\/70","targetHints":{"allow":["GET"]}}],"collection":[{"href":"https:\/\/clubtecleno.org\/index.php\/wp-json\/wp\/v2\/pages"}],"about":[{"href":"https:\/\/clubtecleno.org\/index.php\/wp-json\/wp\/v2\/types\/page"}],"author":[{"embeddable":true,"href":"https:\/\/clubtecleno.org\/index.php\/wp-json\/wp\/v2\/users\/2"}],"replies":[{"embeddable":true,"href":"https:\/\/clubtecleno.org\/index.php\/wp-json\/wp\/v2\/comments?post=70"}],"version-history":[{"count":27,"href":"https:\/\/clubtecleno.org\/index.php\/wp-json\/wp\/v2\/pages\/70\/revisions"}],"predecessor-version":[{"id":1625,"href":"https:\/\/clubtecleno.org\/index.php\/wp-json\/wp\/v2\/pages\/70\/revisions\/1625"}],"wp:attachment":[{"href":"https:\/\/clubtecleno.org\/index.php\/wp-json\/wp\/v2\/media?parent=70"}],"curies":[{"name":"wp","href":"https:\/\/api.w.org\/{rel}","templated":true}]}}