{"id":62,"date":"2021-02-06T02:42:10","date_gmt":"2021-02-06T02:42:10","guid":{"rendered":"http:\/\/clubtecleno.org\/?page_id=62"},"modified":"2021-10-08T13:50:15","modified_gmt":"2021-10-08T13:50:15","slug":"beneficios","status":"publish","type":"page","link":"https:\/\/clubtecleno.org\/index.php\/beneficios\/","title":{"rendered":"Beneficios"},"content":{"rendered":"\n<h2 class=\"wp-block-heading\">\u00a1Ser\u00e1 un gusto que decida formar parte de la gran familia del Club Tecle\u00f1o!<\/h2>\n\n\n\n<figure class=\"wp-block-image size-full\"><img fetchpriority=\"high\" decoding=\"async\" width=\"2000\" height=\"1333\" src=\"https:\/\/clubtecleno.org\/wp-content\/uploads\/2021\/02\/piscinaolimpica-clubtecleno2-min.jpg\" alt=\"\" class=\"wp-image-374\" srcset=\"https:\/\/clubtecleno.org\/wp-content\/uploads\/2021\/02\/piscinaolimpica-clubtecleno2-min.jpg 2000w, https:\/\/clubtecleno.org\/wp-content\/uploads\/2021\/02\/piscinaolimpica-clubtecleno2-min-300x200.jpg 300w, https:\/\/clubtecleno.org\/wp-content\/uploads\/2021\/02\/piscinaolimpica-clubtecleno2-min-1024x682.jpg 1024w, https:\/\/clubtecleno.org\/wp-content\/uploads\/2021\/02\/piscinaolimpica-clubtecleno2-min-768x512.jpg 768w, https:\/\/clubtecleno.org\/wp-content\/uploads\/2021\/02\/piscinaolimpica-clubtecleno2-min-1536x1024.jpg 1536w\" sizes=\"(max-width: 2000px) 100vw, 2000px\" \/><figcaption>Piscina Semiol\u00edmpica (en Club Central)<\/figcaption><\/figure>\n\n\n\n<p>Club Tecle\u00f1o pone a disposici\u00f3n de todos sus socios sus instalaciones tanto del Club Central, ubicado en Santa Tecla, como el Club de Playa El Tunco, La Libertad. Club Tecle\u00f1o te ofrece dentro de sus instalaciones en Club Central los siguientes beneficios:<\/p>\n\n\n\n<p>\u2022Canchas de tenis<\/p>\n\n\n\n<p>\u2022Canchas de b\u00e1squetbol y f\u00fatbol<\/p>\n\n\n\n<p>\u2022Clases deportivas (tenis y nataci\u00f3n)<\/p>\n\n\n\n<p>\u2022\u00c1rea de cafeter\u00eda, restaurante y bar<\/p>\n\n\n\n<p>\u2022Piscina semi-ol\u00edmpica<\/p>\n\n\n\n<p>\u2022Piscina infantil<\/p>\n\n\n\n<p>Instalaciones para atender eventos como: Desayunos, almuerzos, cenas, pi\u00f1atas, comuniones, seminarios, bodas, etc.<\/p>\n\n\n\n<p><\/p>\n\n\n\n<p><strong>En Club de Playa, contamos con:<\/strong><strong><\/strong><\/p>\n\n\n\n<p>\u2022Glorietas para disfrutar del mar<\/p>\n\n\n\n<p>\u2022Reservaciones de caba\u00f1as, con capacidad desde 2 hasta 10 personas.<\/p>\n\n\n\n<p>\u2022\u00c1rea de restaurante<\/p>\n\n\n\n<p>\u2022Piscina familiar<\/p>\n\n\n\n<p>\u2022Piscina infantil<\/p>\n\n\n\n<p><\/p>\n\n\n\n<p><strong>En Club Tecle\u00f1o disfrutar\u00e1s de muchos beneficios:<\/strong><\/p>\n\n\n\n<p>\u2022Seguridad, exclusividad y confort.<\/p>\n\n\n\n<p>\u2022Promociones y eventos para socios.<\/p>\n\n\n\n<p>\u2022Descuentos y precios diferenciados para algunas actividades.<\/p>\n\n\n\n<p>\u2022La membres\u00eda es familiar, incluye a esposos casados, hijos varones menores de 21 a\u00f1os e hijas solteras de cualquier edad.<\/p>\n\n\n\n<p><strong><em>\u00a1Ser\u00e1 un gusto que decidas formar parte de la gran familia de Club Tecle\u00f1o!<\/em><\/strong><\/p>\n\n\n\n<p><\/p>\n\n\n\n<div class=\"wp-block-image\"><figure class=\"aligncenter size-large\"><img decoding=\"async\" width=\"1024\" height=\"644\" src=\"https:\/\/clubtecleno.org\/wp-content\/uploads\/2021\/03\/playa-clubtecleno-elsalvador-min-1024x644.jpg\" alt=\"\" class=\"wp-image-517\" srcset=\"https:\/\/clubtecleno.org\/wp-content\/uploads\/2021\/03\/playa-clubtecleno-elsalvador-min-1024x644.jpg 1024w, https:\/\/clubtecleno.org\/wp-content\/uploads\/2021\/03\/playa-clubtecleno-elsalvador-min-300x189.jpg 300w, https:\/\/clubtecleno.org\/wp-content\/uploads\/2021\/03\/playa-clubtecleno-elsalvador-min-768x483.jpg 768w, https:\/\/clubtecleno.org\/wp-content\/uploads\/2021\/03\/playa-clubtecleno-elsalvador-min-1536x965.jpg 1536w, https:\/\/clubtecleno.org\/wp-content\/uploads\/2021\/03\/playa-clubtecleno-elsalvador-min.jpg 2000w\" sizes=\"(max-width: 1024px) 100vw, 1024px\" \/><\/figure><\/div>\n\n\n\n<div class=\"wp-block-image is-style-rounded\"><figure class=\"aligncenter size-full is-resized\"><a href=\"https:\/\/clubtecleno.org\/index.php\/contactenos\/\"><img decoding=\"async\" src=\"https:\/\/clubtecleno.org\/wp-content\/uploads\/2021\/06\/cont-bt.png\" alt=\"\" class=\"wp-image-823\" width=\"576\" height=\"110\" srcset=\"https:\/\/clubtecleno.org\/wp-content\/uploads\/2021\/06\/cont-bt.png 768w, https:\/\/clubtecleno.org\/wp-content\/uploads\/2021\/06\/cont-bt-300x57.png 300w\" sizes=\"(max-width: 576px) 100vw, 576px\" \/><\/a><\/figure><\/div>\n","protected":false},"excerpt":{"rendered":"<p>\u00a1Ser\u00e1 un gusto que decida formar parte de la gran familia del Club Tecle\u00f1o! Club Tecle\u00f1o pone a disposici\u00f3n de todos sus socios sus instalaciones tanto del Club Central, ubicado en Santa Tecla, como el Club de Playa El Tunco, La Libertad. Club Tecle\u00f1o te ofrece dentro de sus instalaciones&#8230;<\/p>\n","protected":false},"author":2,"featured_media":0,"parent":0,"menu_order":0,"comment_status":"closed","ping_status":"closed","template":"page-templates\/full-width.php","meta":{"footnotes":""},"class_list":["post-62","page","type-page","status-publish","hentry"],"_links":{"self":[{"href":"https:\/\/clubtecleno.org\/index.php\/wp-json\/wp\/v2\/pages\/62","targetHints":{"allow":["GET"]}}],"collection":[{"href":"https:\/\/clubtecleno.org\/index.php\/wp-json\/wp\/v2\/pages"}],"about":[{"href":"https:\/\/clubtecleno.org\/index.php\/wp-json\/wp\/v2\/types\/page"}],"author":[{"embeddable":true,"href":"https:\/\/clubtecleno.org\/index.php\/wp-json\/wp\/v2\/users\/2"}],"replies":[{"embeddable":true,"href":"https:\/\/clubtecleno.org\/index.php\/wp-json\/wp\/v2\/comments?post=62"}],"version-history":[{"count":17,"href":"https:\/\/clubtecleno.org\/index.php\/wp-json\/wp\/v2\/pages\/62\/revisions"}],"predecessor-version":[{"id":1264,"href":"https:\/\/clubtecleno.org\/index.php\/wp-json\/wp\/v2\/pages\/62\/revisions\/1264"}],"wp:attachment":[{"href":"https:\/\/clubtecleno.org\/index.php\/wp-json\/wp\/v2\/media?parent=62"}],"curies":[{"name":"wp","href":"https:\/\/api.w.org\/{rel}","templated":true}]}}