{"id":59,"date":"2023-03-20T08:38:00","date_gmt":"2023-03-20T08:38:00","guid":{"rendered":"http:\/\/clubtecleno.org\/?page_id=59"},"modified":"2023-03-30T16:30:52","modified_gmt":"2023-03-30T16:30:52","slug":"requisito","status":"publish","type":"page","link":"https:\/\/clubtecleno.org\/index.php\/requisito\/","title":{"rendered":"Requisitos"},"content":{"rendered":"\t\t<div data-elementor-type=\"wp-page\" data-elementor-id=\"59\" class=\"elementor elementor-59\">\n\t\t\t\t\t\t<section class=\"elementor-section elementor-top-section elementor-element elementor-element-32af208 elementor-section-boxed elementor-section-height-default elementor-section-height-default\" data-id=\"32af208\" data-element_type=\"section\">\n\t\t\t\t\t\t<div class=\"elementor-container elementor-column-gap-default\">\n\t\t\t\t\t<div class=\"elementor-column elementor-col-100 elementor-top-column elementor-element elementor-element-aed93d3\" data-id=\"aed93d3\" data-element_type=\"column\">\n\t\t\t<div class=\"elementor-widget-wrap elementor-element-populated\">\n\t\t\t\t\t\t<div class=\"elementor-element elementor-element-391c18a elementor-widget elementor-widget-image\" data-id=\"391c18a\" data-element_type=\"widget\" data-widget_type=\"image.default\">\n\t\t\t\t<div class=\"elementor-widget-container\">\n\t\t\t\t\t\t\t\t\t\t\t\t\t\t\t<img fetchpriority=\"high\" decoding=\"async\" width=\"745\" height=\"469\" src=\"https:\/\/clubtecleno.org\/wp-content\/uploads\/2021\/03\/playa-clubtecleno-elsalvador18-min-1024x644.jpg\" class=\"attachment-large size-large wp-image-559\" alt=\"\" srcset=\"https:\/\/clubtecleno.org\/wp-content\/uploads\/2021\/03\/playa-clubtecleno-elsalvador18-min-1024x644.jpg 1024w, https:\/\/clubtecleno.org\/wp-content\/uploads\/2021\/03\/playa-clubtecleno-elsalvador18-min-300x189.jpg 300w, https:\/\/clubtecleno.org\/wp-content\/uploads\/2021\/03\/playa-clubtecleno-elsalvador18-min-768x483.jpg 768w, https:\/\/clubtecleno.org\/wp-content\/uploads\/2021\/03\/playa-clubtecleno-elsalvador18-min-1536x965.jpg 1536w, https:\/\/clubtecleno.org\/wp-content\/uploads\/2021\/03\/playa-clubtecleno-elsalvador18-min.jpg 2000w\" sizes=\"(max-width: 745px) 100vw, 745px\" \/>\t\t\t\t\t\t\t\t\t\t\t\t\t\t\t<\/div>\n\t\t\t\t<\/div>\n\t\t\t\t\t<\/div>\n\t\t<\/div>\n\t\t\t\t\t<\/div>\n\t\t<\/section>\n\t\t\t\t<section class=\"elementor-section elementor-top-section elementor-element elementor-element-2c985015 elementor-section-boxed elementor-section-height-default elementor-section-height-default\" data-id=\"2c985015\" data-element_type=\"section\">\n\t\t\t\t\t\t<div class=\"elementor-container elementor-column-gap-default\">\n\t\t\t\t\t<div class=\"elementor-column elementor-col-100 elementor-top-column elementor-element elementor-element-5c5b23e3\" data-id=\"5c5b23e3\" data-element_type=\"column\">\n\t\t\t<div class=\"elementor-widget-wrap elementor-element-populated\">\n\t\t\t\t\t\t<section class=\"elementor-section elementor-inner-section elementor-element elementor-element-f0e4e21 elementor-section-boxed elementor-section-height-default elementor-section-height-default\" data-id=\"f0e4e21\" data-element_type=\"section\">\n\t\t\t\t\t\t<div class=\"elementor-container elementor-column-gap-default\">\n\t\t\t\t\t<div class=\"elementor-column elementor-col-50 elementor-inner-column elementor-element elementor-element-53dfa4a\" data-id=\"53dfa4a\" data-element_type=\"column\">\n\t\t\t<div class=\"elementor-widget-wrap elementor-element-populated\">\n\t\t\t\t\t\t<div class=\"elementor-element elementor-element-4c73634 elementor-widget elementor-widget-text-editor\" data-id=\"4c73634\" data-element_type=\"widget\" data-widget_type=\"text-editor.default\">\n\t\t\t\t<div class=\"elementor-widget-container\">\n\t\t\t\t\t\t\t\t\t<p><span lang=\"ES\" style=\"font-size: 11.0pt; line-height: 150%; font-family: 'Calibri',sans-serif; mso-ascii-theme-font: minor-latin; mso-hansi-theme-font: minor-latin; mso-bidi-theme-font: minor-latin;\">Membres\u00eda actual: <b>$5,000.00<\/b>&nbsp; &nbsp; &nbsp;<\/span><\/p>\n<p><span lang=\"ES\" style=\"font-size: 11.0pt; line-height: 150%; font-family: 'Calibri',sans-serif; mso-ascii-theme-font: minor-latin; mso-hansi-theme-font: minor-latin; mso-bidi-theme-font: minor-latin;\">Gastos de tr\u00e1mite actual: <b>$70.00&nbsp;&nbsp;&nbsp;<\/b><b><\/b><\/span><\/p>\n<p><span lang=\"ES\" style=\"font-size: 11.0pt; line-height: 150%; font-family: 'Calibri',sans-serif; mso-ascii-theme-font: minor-latin; mso-hansi-theme-font: minor-latin; mso-bidi-theme-font: minor-latin;\">Cuota social mensual adicional a partir del primer mes $<b>80.00<\/b> <\/span><\/p>\n<p><span lang=\"ES\" style=\"font-size: 11.0pt; line-height: 150%; font-family: 'Calibri',sans-serif; mso-ascii-theme-font: minor-latin; mso-hansi-theme-font: minor-latin; mso-bidi-theme-font: minor-latin;\">Si est\u00e1 casado debe traer acta de matrimonio. Y una fotograf\u00eda tama\u00f1o c\u00e9dula a colores de cada miembro de la familia.<\/span><\/p>\n<p><span lang=\"ES\" style=\"font-size: 11.0pt; line-height: 150%; font-family: 'Calibri',sans-serif; mso-ascii-theme-font: minor-latin; mso-hansi-theme-font: minor-latin; mso-bidi-theme-font: minor-latin;\">Si tiene hijos menores de 21 a\u00f1os debe traer fotocopia de partida de nacimiento de cada uno.<\/span><\/p>\n<p><span lang=\"ES\" style=\"font-size: 11.0pt; line-height: 150%; font-family: 'Calibri',sans-serif; mso-ascii-theme-font: minor-latin; mso-hansi-theme-font: minor-latin; mso-bidi-theme-font: minor-latin;\">Copia de DUI y NIT, solicitante.<\/span><\/p>\n<p><span lang=\"ES\" style=\"font-size: 11.0pt; line-height: 150%; font-family: 'Calibri',sans-serif; mso-ascii-theme-font: minor-latin; mso-hansi-theme-font: minor-latin; mso-bidi-theme-font: minor-latin;\">Copia de DUI y NIT, C\u00f3nyuge.<\/span><\/p>\n<p><span lang=\"ES\" style=\"font-size: 11.0pt; line-height: 150%; font-family: 'Calibri',sans-serif; mso-ascii-theme-font: minor-latin; mso-hansi-theme-font: minor-latin; mso-bidi-theme-font: minor-latin;\">Curr\u00edculum.<\/span><\/p>\n<p><span lang=\"ES\" style=\"font-size: 11.0pt; line-height: 150%; font-family: 'Calibri',sans-serif; mso-ascii-theme-font: minor-latin; mso-hansi-theme-font: minor-latin; mso-bidi-theme-font: minor-latin;\">Constancia salarial de solicitante.<\/span><\/p>\n<p><span lang=\"ES\" style=\"font-size: 11.0pt; line-height: 150%; font-family: 'Calibri',sans-serif; mso-ascii-theme-font: minor-latin; mso-hansi-theme-font: minor-latin; mso-bidi-theme-font: minor-latin;\">La solicitud tiene que venir completa con todos los documentos requeridos.<\/span><\/p>\n<p><\/p>\t\t\t\t\t\t\t\t<\/div>\n\t\t\t\t<\/div>\n\t\t\t\t\t<\/div>\n\t\t<\/div>\n\t\t\t\t<div class=\"elementor-column elementor-col-50 elementor-inner-column elementor-element elementor-element-4a018f1\" data-id=\"4a018f1\" data-element_type=\"column\">\n\t\t\t<div class=\"elementor-widget-wrap elementor-element-populated\">\n\t\t\t\t\t\t<div class=\"elementor-element elementor-element-9a805ed elementor-widget elementor-widget-text-editor\" data-id=\"9a805ed\" data-element_type=\"widget\" data-widget_type=\"text-editor.default\">\n\t\t\t\t<div class=\"elementor-widget-container\">\n\t\t\t\t\t\t\t\t\t<p><strong>La forma de pago es la siguiente:<\/strong><\/p>\n<p><strong>Debe cancelar en un solo pago la Membres\u00eda $5,000.00 en efectivo, cheque o con sus tarjetas del banco Prom\u00e9rica, Agr\u00edcola o banco de Am\u00e9rica Central y puede programar su pago hasta 12 meses sin ning\u00fan inter\u00e9s.<\/strong><\/p>\n<p><strong>Todo pago tiene que ser en Oficina Administrativa.<\/strong><\/p>\n<p><strong>Debe traer la solicitud y los documentos completos y cancelar los gastos de tr\u00e1mite, luego se pasar\u00e1 a revisi\u00f3n, investigaci\u00f3n y aprobaci\u00f3n de su solicitud y en 15 d\u00edas h\u00e1biles le damos la resoluci\u00f3n; de ser aprobado, en ese momento se cancela el pago de membres\u00eda, para tramitar sus carnets.<\/strong><\/p>\t\t\t\t\t\t\t\t<\/div>\n\t\t\t\t<\/div>\n\t\t\t\t\t<\/div>\n\t\t<\/div>\n\t\t\t\t\t<\/div>\n\t\t<\/section>\n\t\t\t\t\t<\/div>\n\t\t<\/div>\n\t\t\t\t\t<\/div>\n\t\t<\/section>\n\t\t\t\t<\/div>\n\t\t","protected":false},"excerpt":{"rendered":"<p>Membres\u00eda actual: $5,000.00&nbsp; &nbsp; &nbsp; Gastos de tr\u00e1mite actual: $70.00&nbsp;&nbsp;&nbsp; Cuota social mensual adicional a partir del primer mes $80.00 Si est\u00e1 casado debe traer acta de matrimonio. Y una fotograf\u00eda tama\u00f1o c\u00e9dula a colores de cada miembro de la familia. Si tiene hijos menores de 21 a\u00f1os debe traer&#8230;<\/p>\n","protected":false},"author":2,"featured_media":0,"parent":0,"menu_order":0,"comment_status":"closed","ping_status":"closed","template":"elementor_header_footer","meta":{"footnotes":""},"class_list":["post-59","page","type-page","status-publish","hentry"],"_links":{"self":[{"href":"https:\/\/clubtecleno.org\/index.php\/wp-json\/wp\/v2\/pages\/59","targetHints":{"allow":["GET"]}}],"collection":[{"href":"https:\/\/clubtecleno.org\/index.php\/wp-json\/wp\/v2\/pages"}],"about":[{"href":"https:\/\/clubtecleno.org\/index.php\/wp-json\/wp\/v2\/types\/page"}],"author":[{"embeddable":true,"href":"https:\/\/clubtecleno.org\/index.php\/wp-json\/wp\/v2\/users\/2"}],"replies":[{"embeddable":true,"href":"https:\/\/clubtecleno.org\/index.php\/wp-json\/wp\/v2\/comments?post=59"}],"version-history":[{"count":19,"href":"https:\/\/clubtecleno.org\/index.php\/wp-json\/wp\/v2\/pages\/59\/revisions"}],"predecessor-version":[{"id":1620,"href":"https:\/\/clubtecleno.org\/index.php\/wp-json\/wp\/v2\/pages\/59\/revisions\/1620"}],"wp:attachment":[{"href":"https:\/\/clubtecleno.org\/index.php\/wp-json\/wp\/v2\/media?parent=59"}],"curies":[{"name":"wp","href":"https:\/\/api.w.org\/{rel}","templated":true}]}}