{"id":16,"date":"2021-02-06T02:35:31","date_gmt":"2021-02-06T02:35:31","guid":{"rendered":"http:\/\/clubtecleno.org\/?page_id=16"},"modified":"2021-05-22T19:14:30","modified_gmt":"2021-05-22T19:14:30","slug":"historia","status":"publish","type":"page","link":"https:\/\/clubtecleno.org\/index.php\/historia\/","title":{"rendered":"Historia Club Tecle\u00f1o"},"content":{"rendered":"\t\t<div data-elementor-type=\"wp-page\" data-elementor-id=\"16\" class=\"elementor elementor-16\">\n\t\t\t\t\t\t<section class=\"elementor-section elementor-top-section elementor-element elementor-element-1149c2f1 elementor-section-boxed elementor-section-height-default elementor-section-height-default\" data-id=\"1149c2f1\" data-element_type=\"section\">\n\t\t\t\t\t\t<div class=\"elementor-container elementor-column-gap-default\">\n\t\t\t\t\t<div class=\"elementor-column elementor-col-100 elementor-top-column elementor-element elementor-element-3672b102\" data-id=\"3672b102\" data-element_type=\"column\">\n\t\t\t<div class=\"elementor-widget-wrap elementor-element-populated\">\n\t\t\t\t\t\t<div class=\"elementor-element elementor-element-ac2ca94 elementor-arrows-position-inside elementor-pagination-position-outside elementor-widget elementor-widget-image-carousel\" data-id=\"ac2ca94\" data-element_type=\"widget\" data-settings=\"{&quot;pause_on_hover&quot;:&quot;no&quot;,&quot;navigation&quot;:&quot;both&quot;,&quot;autoplay&quot;:&quot;yes&quot;,&quot;pause_on_interaction&quot;:&quot;yes&quot;,&quot;autoplay_speed&quot;:5000,&quot;infinite&quot;:&quot;yes&quot;,&quot;speed&quot;:500}\" data-widget_type=\"image-carousel.default\">\n\t\t\t\t<div class=\"elementor-widget-container\">\n\t\t\t\t\t\t\t<div class=\"elementor-image-carousel-wrapper swiper\" role=\"region\" aria-roledescription=\"carousel\" aria-label=\"Carrusel de im\u00e1genes\" dir=\"ltr\">\n\t\t\t<div class=\"elementor-image-carousel swiper-wrapper swiper-image-stretch\" aria-live=\"off\">\n\t\t\t\t\t\t\t\t<div class=\"swiper-slide\" role=\"group\" aria-roledescription=\"slide\" aria-label=\"1 de 4\"><figure class=\"swiper-slide-inner\"><img decoding=\"async\" class=\"swiper-slide-image\" src=\"https:\/\/clubtecleno.org\/wp-content\/uploads\/2021\/05\/004.jpg\" alt=\"Primer presidente Manuel Angel Larreynaga Santa Tecla en 1928.\" \/><figcaption class=\"elementor-image-carousel-caption\">Primer presidente Manuel Angel Larreynaga Santa Tecla en 1928.<\/figcaption><\/figure><\/div><div class=\"swiper-slide\" role=\"group\" aria-roledescription=\"slide\" aria-label=\"2 de 4\"><figure class=\"swiper-slide-inner\"><img decoding=\"async\" class=\"swiper-slide-image\" src=\"https:\/\/clubtecleno.org\/wp-content\/uploads\/2021\/05\/001.jpg\" alt=\"Rafael Guirola Duke.\" \/><figcaption class=\"elementor-image-carousel-caption\">Rafael Guirola Duke.<\/figcaption><\/figure><\/div><div class=\"swiper-slide\" role=\"group\" aria-roledescription=\"slide\" aria-label=\"3 de 4\"><figure class=\"swiper-slide-inner\"><img decoding=\"async\" class=\"swiper-slide-image\" src=\"https:\/\/clubtecleno.org\/wp-content\/uploads\/2021\/05\/002.jpg\" alt=\"Conchita Guirola de Duboi.\" \/><figcaption class=\"elementor-image-carousel-caption\">Conchita Guirola de Duboi.<\/figcaption><\/figure><\/div><div class=\"swiper-slide\" role=\"group\" aria-roledescription=\"slide\" aria-label=\"4 de 4\"><figure class=\"swiper-slide-inner\"><img decoding=\"async\" class=\"swiper-slide-image\" src=\"https:\/\/clubtecleno.org\/wp-content\/uploads\/2021\/05\/003.jpg\" alt=\"Walter A. Soundy.\" \/><figcaption class=\"elementor-image-carousel-caption\">Walter A. Soundy.<\/figcaption><\/figure><\/div>\t\t\t<\/div>\n\t\t\t\t\t\t\t\t\t\t\t\t<div class=\"elementor-swiper-button elementor-swiper-button-prev\" role=\"button\" tabindex=\"0\">\n\t\t\t\t\t\t<i aria-hidden=\"true\" class=\"eicon-chevron-left\"><\/i>\t\t\t\t\t<\/div>\n\t\t\t\t\t<div class=\"elementor-swiper-button elementor-swiper-button-next\" role=\"button\" tabindex=\"0\">\n\t\t\t\t\t\t<i aria-hidden=\"true\" class=\"eicon-chevron-right\"><\/i>\t\t\t\t\t<\/div>\n\t\t\t\t\n\t\t\t\t\t\t\t\t\t<div class=\"swiper-pagination\"><\/div>\n\t\t\t\t\t\t\t\t\t<\/div>\n\t\t\t\t\t\t<\/div>\n\t\t\t\t<\/div>\n\t\t\t\t\t<\/div>\n\t\t<\/div>\n\t\t\t\t\t<\/div>\n\t\t<\/section>\n\t\t\t\t<section class=\"elementor-section elementor-top-section elementor-element elementor-element-9f25990 elementor-section-boxed elementor-section-height-default elementor-section-height-default\" data-id=\"9f25990\" data-element_type=\"section\">\n\t\t\t\t\t\t<div class=\"elementor-container elementor-column-gap-default\">\n\t\t\t\t\t<div class=\"elementor-column elementor-col-100 elementor-top-column elementor-element elementor-element-4aecd36\" data-id=\"4aecd36\" data-element_type=\"column\">\n\t\t\t<div class=\"elementor-widget-wrap elementor-element-populated\">\n\t\t\t\t\t\t<div class=\"elementor-element elementor-element-11ae758 elementor-widget elementor-widget-accordion\" data-id=\"11ae758\" data-element_type=\"widget\" data-widget_type=\"accordion.default\">\n\t\t\t\t<div class=\"elementor-widget-container\">\n\t\t\t\t\t\t\t<div class=\"elementor-accordion\">\n\t\t\t\t\t\t\t<div class=\"elementor-accordion-item\">\n\t\t\t\t\t<div id=\"elementor-tab-title-1851\" class=\"elementor-tab-title\" data-tab=\"1\" role=\"button\" aria-controls=\"elementor-tab-content-1851\" aria-expanded=\"false\">\n\t\t\t\t\t\t\t\t\t\t\t\t\t<span class=\"elementor-accordion-icon elementor-accordion-icon-left\" aria-hidden=\"true\">\n\t\t\t\t\t\t\t\t\t\t\t\t\t\t\t<span class=\"elementor-accordion-icon-closed\"><i class=\"fas fa-plus\"><\/i><\/span>\n\t\t\t\t\t\t\t\t<span class=\"elementor-accordion-icon-opened\"><i class=\"fas fa-minus\"><\/i><\/span>\n\t\t\t\t\t\t\t\t\t\t\t\t\t\t<\/span>\n\t\t\t\t\t\t\t\t\t\t\t\t<a class=\"elementor-accordion-title\" tabindex=\"0\">Historia Club Tecle\u00f1o.<\/a>\n\t\t\t\t\t<\/div>\n\t\t\t\t\t<div id=\"elementor-tab-content-1851\" class=\"elementor-tab-content elementor-clearfix\" data-tab=\"1\" role=\"region\" aria-labelledby=\"elementor-tab-title-1851\"><p>Escenario grato de nuestras travesuras y paseos juveniles, Santa Tecla, antes de su desmedido y desordenado crecimiento, era una tranquila localidad de calles y avenidas bellamente empedradas, cruz\u00e1ndose en cuadriculas, bordeadas de amplias aceras de grandes y lustrosas lajas.<\/p>\n<p>Santa Tecla de otros d\u00edas; parques arboledas, amplias casas de grandes corredores techadas con teja, patios floridos y traspatios con \u00e1rboles y sitios destinados a bodegas e incluso parqueo de la carretera.<\/p>\n<p>Al constituirse el Club Tecle\u00f1o, la ciudad de Santa Tecla aun no cumpl\u00eda 40 a\u00f1os de fundada. El Salvador se empe\u00f1aba en la siembra, cultivo, beneficiado y exportaci\u00f3n de caf\u00e9; los alrededores de la zona urbana estaban totalmente cultivados de caf\u00e9 y los propietarios de las fincas eran parte medular de la membres\u00eda del club.<br \/><br \/>Cuando se fund\u00f3 el club no hab\u00eda en la ciudad servicio el\u00e9ctrico; el alumbrado p\u00fablico era con faroles de kerosene; en las casas, candiles, l\u00e1mparas de carburo y candelas. No hab\u00eda a\u00fan tel\u00e9fono, ni autom\u00f3viles, refrigeradoras, radio, la televisi\u00f3n no la hab\u00eda so\u00f1ado ni Julio Verne.<br \/><br \/>Un grupo de personas pertenecientes a lo que se llamaba la elite de la sociedad tecle\u00f1a, firmaron el 1 de noviembre de 1893, la solicitud de inscripci\u00f3n de los Estatutos para fundar una Corporaci\u00f3n denominada Club Tecle\u00f1o, que tendr\u00eda car\u00e1cter puramente social y con el objeto de proporcionar a los miembros distracciones licitas y honestas.<\/p>\n<p>En sus inicios el Club Tecle\u00f1o, carec\u00eda de local propio, mobiliario y facilidades econ\u00f3micas. Por lo que es de justicia reconocer la desinteresada colaboraci\u00f3n de sus socios cuando esta les era requerida, y en especial, la dedicaci\u00f3n y responsabilidad de los honorables Caballeros que integraron las Juntas Directivas.<\/p><\/div>\n\t\t\t\t<\/div>\n\t\t\t\t\t\t\t<div class=\"elementor-accordion-item\">\n\t\t\t\t\t<div id=\"elementor-tab-title-1852\" class=\"elementor-tab-title\" data-tab=\"2\" role=\"button\" aria-controls=\"elementor-tab-content-1852\" aria-expanded=\"false\">\n\t\t\t\t\t\t\t\t\t\t\t\t\t<span class=\"elementor-accordion-icon elementor-accordion-icon-left\" aria-hidden=\"true\">\n\t\t\t\t\t\t\t\t\t\t\t\t\t\t\t<span class=\"elementor-accordion-icon-closed\"><i class=\"fas fa-plus\"><\/i><\/span>\n\t\t\t\t\t\t\t\t<span class=\"elementor-accordion-icon-opened\"><i class=\"fas fa-minus\"><\/i><\/span>\n\t\t\t\t\t\t\t\t\t\t\t\t\t\t<\/span>\n\t\t\t\t\t\t\t\t\t\t\t\t<a class=\"elementor-accordion-title\" tabindex=\"0\">Fusi\u00f3n del Casino de Santa Tecla y el Club Tecle\u00f1o en 1928.<\/a>\n\t\t\t\t\t<\/div>\n\t\t\t\t\t<div id=\"elementor-tab-content-1852\" class=\"elementor-tab-content elementor-clearfix\" data-tab=\"2\" role=\"region\" aria-labelledby=\"elementor-tab-title-1852\"><p>En 1943 el edificio es remodelado al estilo colonial espa\u00f1ol. En la parte central estaba el amplio Sal\u00f3n principal, con hermosos decorados en techo y paredes, con arcos, columnas torneadas, madera vista de color oscuro, balcones estilizados y puertas talladas.<\/p>\n<p>El elegante sal\u00f3n fue admirado por conocedores de los dise\u00f1os cl\u00e1sicos de la \u00e9poca colonial, que tuvieron su origen principalmente en el sur de Espa\u00f1a, con adaptaciones necesarias al tipo climatol\u00f3gico local y que conformaron el estilo Colonial Espa\u00f1ol.<\/p>\n<p>Luego, saliendo del Puerto, hacia el occidente, por la carretera del litoral en plena construcci\u00f3n, ya hab\u00edan sido construidos los puentes del Chilama, Conchalio y los de otros r\u00edos y riachuelos, mas no as\u00ed del R\u00edo del Tunco.<\/p>\n<p>La excursi\u00f3n en cuatro veh\u00edculos estaba formada por socios y algunas se\u00f1oras y ni\u00f1os. Muchos nunca hab\u00edan llegado hasta El Tunco, otros lo hab\u00edan hecho cuando la Hacienda Santa Emilia pertenec\u00eda a la familia Huezo y se llegaba en bestias.<\/p>\n<p>El panorama era impresionante&#8230; Una roca, en forma de cerdo (Tunco), origino el nombre. Frente al estero, hasta cuya vera izquierda se pod\u00eda llegar, hab\u00eda una arboleda natural que daba una sombra fresca y muy acogedora, a la orilla de una bonita playa, de arena negra y libre de piedras.<\/p>\n<p>El terreno estaba ideal, para el lugar de recreo con que se quer\u00eda complementar el Casino de Santa Tecla. Se hicieron comentarios favorables, se habl\u00f3 de lo que podr\u00eda hacerse y se apoy\u00f3 la iniciativa de adquirirlo.<\/p>\n<p>El 8 de abril, la Junta General Extraordinaria aprob\u00f3 por unanimidad, la compra del terreno de El Tunco.<\/p><\/div>\n\t\t\t\t<\/div>\n\t\t\t\t\t\t\t<div class=\"elementor-accordion-item\">\n\t\t\t\t\t<div id=\"elementor-tab-title-1853\" class=\"elementor-tab-title\" data-tab=\"3\" role=\"button\" aria-controls=\"elementor-tab-content-1853\" aria-expanded=\"false\">\n\t\t\t\t\t\t\t\t\t\t\t\t\t<span class=\"elementor-accordion-icon elementor-accordion-icon-left\" aria-hidden=\"true\">\n\t\t\t\t\t\t\t\t\t\t\t\t\t\t\t<span class=\"elementor-accordion-icon-closed\"><i class=\"fas fa-plus\"><\/i><\/span>\n\t\t\t\t\t\t\t\t<span class=\"elementor-accordion-icon-opened\"><i class=\"fas fa-minus\"><\/i><\/span>\n\t\t\t\t\t\t\t\t\t\t\t\t\t\t<\/span>\n\t\t\t\t\t\t\t\t\t\t\t\t<a class=\"elementor-accordion-title\" tabindex=\"0\">Compra del Balneario EL TUNCO en 1956<\/a>\n\t\t\t\t\t<\/div>\n\t\t\t\t\t<div id=\"elementor-tab-content-1853\" class=\"elementor-tab-content elementor-clearfix\" data-tab=\"3\" role=\"region\" aria-labelledby=\"elementor-tab-title-1853\"><p>El 28 de febrero, la junta Directiva autorizo a su presidente Don Mario Harrison Morales para tratar con la Se\u00f1ora Mar\u00eda Teresa Zelaya, la opci\u00f3n de compra a favor del Casino, de un terreno de su propiedad ubicado en la Costa del Departamento, La Libertad.<\/p>\n<p>Antes de cerrar el negocio de compra del terreno, se hicieron varias visitas, una de las primeras fue el 7 de marzo&#8230; El recorrido normal al Puerto de la Libertad por la antigua Carretera pavimentada, con muchas m\u00e1s curvas que las de la nueva carretera reconstruida despu\u00e9s a mediados de la d\u00e9cada de los 60.<\/p>\n<p>Luego, saliendo del Puerto, hacia el occidente, por la carretera del litoral en plena construcci\u00f3n, ya hab\u00edan sido construidos los puentes del Chilama, Conchalio y los de otros r\u00edos y riachuelos, mas no as\u00ed del R\u00edo del Tunco.<\/p>\n<p>La excursi\u00f3n en cuatro veh\u00edculos estaba formada por socios y algunas se\u00f1oras y ni\u00f1os. Muchos nunca hab\u00edan llegado hasta El Tunco, otros lo hab\u00edan hecho cuando la Hacienda Santa Emilia pertenec\u00eda a la familia Huezo y se llegaba en bestias.<\/p>\n<p>El panorama era impresionante&#8230; Una roca, en forma de cerdo (Tunco), origino el nombre. Frente al estero, hasta cuya vera izquierda se pod\u00eda llegar, hab\u00eda una arboleda natural que daba una sombra fresca y muy acogedora, a la orilla de una bonita playa, de arena negra y libre de piedras.<\/p>\n<p>El terreno estaba ideal, para el lugar de recreo con que se quer\u00eda complementar el Casino de Santa Tecla. Se hicieron comentarios favorables, se habl\u00f3 de lo que podr\u00eda hacerse y se apoy\u00f3 la iniciativa de adquirirlo.<\/p>\n<p>El 8 de abril, la Junta General Extraordinaria aprob\u00f3 por unanimidad, la compra del terreno de El Tunco.<\/p><\/div>\n\t\t\t\t<\/div>\n\t\t\t\t\t\t\t<div class=\"elementor-accordion-item\">\n\t\t\t\t\t<div id=\"elementor-tab-title-1854\" class=\"elementor-tab-title\" data-tab=\"4\" role=\"button\" aria-controls=\"elementor-tab-content-1854\" aria-expanded=\"false\">\n\t\t\t\t\t\t\t\t\t\t\t\t\t<span class=\"elementor-accordion-icon elementor-accordion-icon-left\" aria-hidden=\"true\">\n\t\t\t\t\t\t\t\t\t\t\t\t\t\t\t<span class=\"elementor-accordion-icon-closed\"><i class=\"fas fa-plus\"><\/i><\/span>\n\t\t\t\t\t\t\t\t<span class=\"elementor-accordion-icon-opened\"><i class=\"fas fa-minus\"><\/i><\/span>\n\t\t\t\t\t\t\t\t\t\t\t\t\t\t<\/span>\n\t\t\t\t\t\t\t\t\t\t\t\t<a class=\"elementor-accordion-title\" tabindex=\"0\">Club Tecle\u00f1o en la actualidad.<\/a>\n\t\t\t\t\t<\/div>\n\t\t\t\t\t<div id=\"elementor-tab-content-1854\" class=\"elementor-tab-content elementor-clearfix\" data-tab=\"4\" role=\"region\" aria-labelledby=\"elementor-tab-title-1854\"><p>Hoy El Club, cuenta con una construcci\u00f3n elegante, armoniosa, amplia, hermosamente decorada, con \u00e1rboles y plantas que le dan un aspecto atractivo y agradable.<\/p>\n<p>El Sal\u00f3n principal, con su decorado, la l\u00e1mpara central y los espacios adyacentes, forman un conjunto de singular belleza arquitect\u00f3nica, que incluye detalles en puertas, ventanas, techo y acceso desde la parte frontal&#8230; arcos coloniales, pisos rojos orlados de blanco y otros elementos acordes al estilo, guardan una armoniosa simetr\u00eda.<\/p>\n<p>El edifico principal, complementado con piscinas, canchas deportivas, rincones acogedores, espacios para ni\u00f1os y j\u00f3venes, para familias&#8230;diversos sitios para eventos sociales de todo tipo.<\/p>\n<p>El Club cuenta, adem\u00e1s, con un lugar de recreo en la Costa del Pacifico, para disfrutar de sombreados lugares, casas para alojarse, ranchos, kioscos, bar, piscinas. El balneario se complementa con un paisaje exclusivo al que le da un toque especial, la curiosa formaci\u00f3n rocosa, que dio nombre al lugar y al estero El Tunco&#8230; All\u00ed entra la brisa del mar, el ruido incesante de las olas y el paso ocasional de las aves marinas, los socios y sus familias comparten horas y d\u00edas de descanso y sano esparcimiento. A los cien a\u00f1os, los nietos y bisnietos de los fundadores, as\u00ed como centenares de socios y sus familiares, cuentan con un centro social y deportivo, de los m\u00e1s prestigiados de Centroam\u00e9rica.<\/p>\n<p>Somos expertos en eventos, es por ello que en ambas instalaciones contamos con salones adecuados para que los socios puedan realizar sus reuniones sociales, en un gran ambiente y con comida de alto nivel para siempre ofrecer una experiencia incre\u00edble.<\/p>\n<p>Los pioneros de 1893, se sintieron sumamente complacidos con los alcances de la obra que ellos iniciaron y las generaciones sucesivas, aplaudieron a los que, en 1968, tomaron la decisi\u00f3n de crecer, de ampliar los servicios, de incluir los deportes y de crear m\u00e1s y mejores condiciones en este Club Tecle\u00f1o, donde las familias se conocen mejor y disfrutaron, disfrutan y disfrutaran de un ambiente sano y acogedor.<\/p>\n<p><strong>\u00a1\u00a1Club Tecle\u00f1o un ambiente familiar para ti!!<\/strong><\/p>\n<p>\u00a0<\/p><\/div>\n\t\t\t\t<\/div>\n\t\t\t\t\t\t\t\t<\/div>\n\t\t\t\t\t\t<\/div>\n\t\t\t\t<\/div>\n\t\t\t\t\t<\/div>\n\t\t<\/div>\n\t\t\t\t\t<\/div>\n\t\t<\/section>\n\t\t\t\t<\/div>\n\t\t","protected":false},"excerpt":{"rendered":"<p>Primer presidente Manuel Angel Larreynaga Santa Tecla en 1928 Rafael Guirola Duke. Conchita Guirola de Duboi. Walter A. Soundy. Anterior Siguiente Historia Club Tecle\u00f1o. Escenario grato de nuestras travesuras y paseos juveniles, Santa Tecla, antes de su desmedido y desordenado crecimiento, era una tranquila localidad de calles y avenidas bellamente&#8230;<\/p>\n","protected":false},"author":2,"featured_media":0,"parent":0,"menu_order":0,"comment_status":"closed","ping_status":"closed","template":"page-templates\/full-width.php","meta":{"footnotes":""},"class_list":["post-16","page","type-page","status-publish","hentry"],"_links":{"self":[{"href":"https:\/\/clubtecleno.org\/index.php\/wp-json\/wp\/v2\/pages\/16","targetHints":{"allow":["GET"]}}],"collection":[{"href":"https:\/\/clubtecleno.org\/index.php\/wp-json\/wp\/v2\/pages"}],"about":[{"href":"https:\/\/clubtecleno.org\/index.php\/wp-json\/wp\/v2\/types\/page"}],"author":[{"embeddable":true,"href":"https:\/\/clubtecleno.org\/index.php\/wp-json\/wp\/v2\/users\/2"}],"replies":[{"embeddable":true,"href":"https:\/\/clubtecleno.org\/index.php\/wp-json\/wp\/v2\/comments?post=16"}],"version-history":[{"count":14,"href":"https:\/\/clubtecleno.org\/index.php\/wp-json\/wp\/v2\/pages\/16\/revisions"}],"predecessor-version":[{"id":774,"href":"https:\/\/clubtecleno.org\/index.php\/wp-json\/wp\/v2\/pages\/16\/revisions\/774"}],"wp:attachment":[{"href":"https:\/\/clubtecleno.org\/index.php\/wp-json\/wp\/v2\/media?parent=16"}],"curies":[{"name":"wp","href":"https:\/\/api.w.org\/{rel}","templated":true}]}}