{"id":12,"date":"2021-02-06T02:34:52","date_gmt":"2021-02-06T02:34:52","guid":{"rendered":"http:\/\/clubtecleno.org\/?page_id=12"},"modified":"2025-03-05T02:30:47","modified_gmt":"2025-03-05T02:30:47","slug":"inicio","status":"publish","type":"page","link":"https:\/\/clubtecleno.org\/","title":{"rendered":"Inicio"},"content":{"rendered":"\t\t<div data-elementor-type=\"wp-page\" data-elementor-id=\"12\" class=\"elementor elementor-12\">\n\t\t\t\t\t\t<section class=\"elementor-section elementor-top-section elementor-element elementor-element-4abc6c4e elementor-section-boxed elementor-section-height-default elementor-section-height-default\" data-id=\"4abc6c4e\" data-element_type=\"section\">\n\t\t\t\t\t\t<div class=\"elementor-container elementor-column-gap-default\">\n\t\t\t\t\t<div class=\"elementor-column elementor-col- elementor-top-column elementor-element elementor-element-6e62f4f1\" data-id=\"6e62f4f1\" data-element_type=\"column\">\n\t\t\t<div class=\"elementor-widget-wrap elementor-element-populated\">\n\t\t\t\t\t\t<div class=\"elementor-element elementor-element-1eeca2b3 elementor-widget elementor-widget-text-editor\" data-id=\"1eeca2b3\" data-element_type=\"widget\" data-widget_type=\"text-editor.default\">\n\t\t\t\t<div class=\"elementor-widget-container\">\n\t\t\t\t\t\t\t\t\t<div style=\"display: none;\" class=\"crellyslider-slider crellyslider-slider-fixed crellyslider-slider-slider1 crellyslider-1\" id=\"crellyslider-1\">\n<ul>\n<li\nstyle=\"\nbackground-color: transparent;\nbackground-image: url('');\nbackground-position: center center;\nbackground-repeat: no-repeat;\nbackground-size: cover;\n\n\"\ndata-in=\"fade\"\ndata-ease-in=\"300\"\ndata-out=\"fade\"\ndata-ease-out=\"300\"\ndata-time=\"3000\"\n><br \/>\n<img\nclass=\"\"\nsrc=\"https:\/\/clubtecleno.org\/wp-content\/uploads\/2021\/02\/04-min-min.jpg\"\nalt=\"\"\nstyle=\"\nz-index: 1;\n\n\"\ndata-delay=\"0\"\ndata-ease-in=\"300\"\ndata-ease-out=\"300\"\ndata-in=\"fade\"\ndata-out=\"fade\"\ndata-ignore-ease-out=\"0\"\ndata-top=\"0\"\ndata-left=\"0\"\ndata-time=\"all\"\n\/>\n<\/li>\n<li\nstyle=\"\nbackground-color: transparent;\nbackground-image: none;\nbackground-position: center center;\nbackground-repeat: no-repeat;\nbackground-size: cover;\n\n\"\ndata-in=\"fade\"\ndata-ease-in=\"300\"\ndata-out=\"fade\"\ndata-ease-out=\"300\"\ndata-time=\"3000\"\n>\n<div\nclass=\"\"\nstyle=\"z-index: 1;\n\n\"\ndata-delay=\"0\"\ndata-ease-in=\"300\"\ndata-ease-out=\"300\"\ndata-in=\"fade\"\ndata-out=\"none\"\ndata-ignore-ease-out=\"0\"\ndata-top=\"257\"\ndata-left=\"144\"\ndata-time=\"all\"\n><br data-mce-bogus=\"1\"><\/div>\n<p><img\nclass=\"\"\nsrc=\"https:\/\/clubtecleno.org\/wp-content\/uploads\/2021\/02\/6-min.jpg\"\nalt=\"\"\nstyle=\"\nz-index: 1;\n\n\"\ndata-delay=\"0\"\ndata-ease-in=\"300\"\ndata-ease-out=\"300\"\ndata-in=\"fade\"\ndata-out=\"fade\"\ndata-ignore-ease-out=\"0\"\ndata-top=\"0\"\ndata-left=\"0\"\ndata-time=\"all\"\n\/>\n<\/li>\n<li\nstyle=\"\nbackground-color: transparent;\nbackground-image: none;\nbackground-position: center center;\nbackground-repeat: no-repeat;\nbackground-size: cover;\n\n\"\ndata-in=\"fade\"\ndata-ease-in=\"300\"\ndata-out=\"none\"\ndata-ease-out=\"300\"\ndata-time=\"3000\"\n><br \/>\n<img\nclass=\"\"\nsrc=\"https:\/\/clubtecleno.org\/wp-content\/uploads\/2021\/02\/5-min.jpg\"\nalt=\"\"\nstyle=\"\nz-index: 1;\n\n\"\ndata-delay=\"0\"\ndata-ease-in=\"300\"\ndata-ease-out=\"300\"\ndata-in=\"fade\"\ndata-out=\"fade\"\ndata-ignore-ease-out=\"0\"\ndata-top=\"0\"\ndata-left=\"0\"\ndata-time=\"all\"\n\/>\n<\/li>\n<li\nstyle=\"\nbackground-color: transparent;\nbackground-image: none;\nbackground-position: center center;\nbackground-repeat: no-repeat;\nbackground-size: cover;\n\n\"\ndata-in=\"fade\"\ndata-ease-in=\"300\"\ndata-out=\"none\"\ndata-ease-out=\"300\"\ndata-time=\"3000\"\n><br \/>\n<img\nclass=\"\"\nsrc=\"https:\/\/clubtecleno.org\/wp-content\/uploads\/2021\/02\/7.jpg\"\nalt=\"\"\nstyle=\"\nz-index: 1;\n\n\"\ndata-delay=\"0\"\ndata-ease-in=\"300\"\ndata-ease-out=\"300\"\ndata-in=\"fade\"\ndata-out=\"fade\"\ndata-ignore-ease-out=\"0\"\ndata-top=\"0\"\ndata-left=\"0\"\ndata-time=\"all\"\n\/>\n<\/li>\n<li\nstyle=\"\nbackground-color: transparent;\nbackground-image: none;\nbackground-position: center center;\nbackground-repeat: no-repeat;\nbackground-size: cover;\n\n\"\ndata-in=\"fade\"\ndata-ease-in=\"300\"\ndata-out=\"none\"\ndata-ease-out=\"300\"\ndata-time=\"3000\"\n><br \/>\n<img\nclass=\"\"\nsrc=\"https:\/\/clubtecleno.org\/wp-content\/uploads\/2021\/02\/8-min.jpg\"\nalt=\"\"\nstyle=\"\nz-index: 1;\n\n\"\ndata-delay=\"0\"\ndata-ease-in=\"300\"\ndata-ease-out=\"300\"\ndata-in=\"fade\"\ndata-out=\"fade\"\ndata-ignore-ease-out=\"0\"\ndata-top=\"0\"\ndata-left=\"0\"\ndata-time=\"all\"\n\/>\n<\/li>\n<li\nstyle=\"\nbackground-color: transparent;\nbackground-image: url('https:\/\/clubtecleno.org\/wp-content\/uploads\/2021\/07\/sliderclubdeplaya-tecleno.jpg');\nbackground-position: center center;\nbackground-repeat: no-repeat;\nbackground-size: cover;\n\n\"\ndata-in=\"fade\"\ndata-ease-in=\"300\"\ndata-out=\"none\"\ndata-ease-out=\"300\"\ndata-time=\"3000\"\n><br \/>\n<img\nclass=\"\"\nsrc=\"https:\/\/clubtecleno.org\/wp-content\/uploads\/2021\/02\/8-min.jpg\"\nalt=\"\"\nstyle=\"\nz-index: 1;\n\n\"\ndata-delay=\"0\"\ndata-ease-in=\"300\"\ndata-ease-out=\"300\"\ndata-in=\"fade\"\ndata-out=\"fade\"\ndata-ignore-ease-out=\"0\"\ndata-top=\"0\"\ndata-left=\"0\"\ndata-time=\"all\"\n\/><br \/>\n<img\nclass=\"\"\nsrc=\"https:\/\/clubtecleno.org\/wp-content\/uploads\/2021\/07\/sliderclubdeplaya-tecleno.jpg\"\nalt=\"\"\nstyle=\"\nz-index: 1;\n\n\"\ndata-delay=\"0\"\ndata-ease-in=\"300\"\ndata-ease-out=\"300\"\ndata-in=\"fade\"\ndata-out=\"fade\"\ndata-ignore-ease-out=\"0\"\ndata-top=\"0\"\ndata-left=\"0\"\ndata-time=\"all\"\n\/>\n<\/li>\n<\/ul>\n<\/div>\n<p><script type=\"text\/javascript\">\n(function($) {\n$(document).ready(function() {\n$(\"#crellyslider-1\").crellySlider({\nlayout: 'fixed',\nresponsive: 1,\nstartWidth: 1140,\nstartHeight: 650,\nautomaticSlide: 1,\nshowControls: 1,\nshowNavigation: 1,\nenableSwipe: 1,\nshowProgressBar: 1,\npauseOnHover: 1,\nrandomOrder: 0,\nstartFromSlide: 0,\nbeforeStart : function() {},\nbeforeSetResponsive : function() {},\nbeforeSlideStart : function() {},\nbeforePause\t: function() {},\nbeforeResume : function() {},\n});\n});\n})(jQuery);\n<\/script><\/p>\n\n\n\n<h2 class=\"has-text-align-center wp-block-heading\">M\u00e1s de 100 a\u00f1os en el alma de Santa Tecla.<\/h2>\n\n\n\n<p>Fundado en 1893, Club Tecle\u00f1o pone a tu disposici\u00f3n sus amplias y vers\u00e1tiles instalaciones.&nbsp; Contamos con espacios al aire libre, ideales para disfrutar de una tarde en familia, degustando nuestra exquisita gastronom\u00eda, en un ambiente pac\u00edfico y, sobre todo, acogedor.<\/p>\n\n\n\n<div class=\"wp-block-columns is-layout-flex wp-container-core-columns-is-layout-9d6595d7 wp-block-columns-is-layout-flex\">\n<div class=\"wp-block-column is-layout-flow wp-block-column-is-layout-flow\">\n<figure class=\"wp-block-image size-large\"><a href=\"https:\/\/clubtecleno.org\/index.php\/tour\/\"><img fetchpriority=\"high\" decoding=\"async\" width=\"400\" height=\"400\" src=\"https:\/\/clubtecleno.org\/wp-content\/uploads\/2021\/07\/clubcentral-clubtecleno.png\" alt=\"\" class=\"wp-image-939\" srcset=\"https:\/\/clubtecleno.org\/wp-content\/uploads\/2021\/07\/clubcentral-clubtecleno.png 400w, https:\/\/clubtecleno.org\/wp-content\/uploads\/2021\/07\/clubcentral-clubtecleno-300x300.png 300w, https:\/\/clubtecleno.org\/wp-content\/uploads\/2021\/07\/clubcentral-clubtecleno-150x150.png 150w\" sizes=\"(max-width: 400px) 100vw, 400px\" \/><\/a><\/figure>\n\n\n\n<p>\u00a1Bienvenidos! Nuestro Club Central Vis\u00edtanos en Club Central, en Santa Tecla, y disfruta de nuestros deliciosos platillos, promociones, \u00e1reas verdes, piscina semi-ol\u00edmpica, infantil y canchas deportivas. \u00a1Tenemos el mejor ambiente familiar!<\/p>\n\n\n\n<p><\/p>\n\n\n\n<p><\/p>\n\n\n\n<p><\/p>\n<\/div>\n\n\n\n<div class=\"wp-block-column is-layout-flow wp-block-column-is-layout-flow\">\n<figure class=\"wp-block-image size-large\"><a href=\"https:\/\/clubtecleno.org\/index.php\/tour-de-playa\/\"><img decoding=\"async\" width=\"400\" height=\"400\" src=\"https:\/\/clubtecleno.org\/wp-content\/uploads\/2021\/02\/clubdeplaya.png\" alt=\"Nuestro hermoso club de playa te espera\" class=\"wp-image-307\" srcset=\"https:\/\/clubtecleno.org\/wp-content\/uploads\/2021\/02\/clubdeplaya.png 400w, https:\/\/clubtecleno.org\/wp-content\/uploads\/2021\/02\/clubdeplaya-300x300.png 300w, https:\/\/clubtecleno.org\/wp-content\/uploads\/2021\/02\/clubdeplaya-150x150.png 150w\" sizes=\"(max-width: 400px) 100vw, 400px\" \/><\/a><\/figure>\n\n\n\n<p>\u00a1Disfruta del mejor ambiente familiar en la playa! Vis\u00edtanos en Club de Playa y no dejes de probar nuestra exquisita gastronom\u00eda, piscina familiar e infantil, glorietas y caba\u00f1as para que pases una noche playera en familia. \u00a1Te esperamos!<\/p>\n<\/div>\n\n\n\n<div class=\"wp-block-column is-layout-flow wp-block-column-is-layout-flow\">\n<figure class=\"wp-block-image size-large\"><a href=\"https:\/\/clubtecleno.org\/index.php\/salones\/\"><img decoding=\"async\" width=\"400\" height=\"400\" src=\"https:\/\/clubtecleno.org\/wp-content\/uploads\/2021\/02\/eventos.png\" alt=\"Haz tus eventos como fiestas, despedidas, reuniones y m\u00e1s\" class=\"wp-image-303\" srcset=\"https:\/\/clubtecleno.org\/wp-content\/uploads\/2021\/02\/eventos.png 400w, https:\/\/clubtecleno.org\/wp-content\/uploads\/2021\/02\/eventos-300x300.png 300w, https:\/\/clubtecleno.org\/wp-content\/uploads\/2021\/02\/eventos-150x150.png 150w\" sizes=\"(max-width: 400px) 100vw, 400px\" \/><\/a><\/figure>\n\n\n\n<p>\u00bfBuscas el mejor lugar para festejar tus momentos m\u00e1s especiales? \u00a1En Club Tecle\u00f1o estamos listos para celebrar contigo! Contamos con diversos salones que se adec\u00faan a tus eventos.<\/p>\n\n\n\n<p><\/p>\n<\/div>\n<\/div>\n\n\n\n<div class=\"wp-block-image is-style-rounded\"><figure class=\"aligncenter size-large\"><img loading=\"lazy\" decoding=\"async\" width=\"1024\" height=\"191\" src=\"https:\/\/clubtecleno.org\/wp-content\/uploads\/2021\/02\/ban-clubtecleno-0-1-1024x191.jpg\" alt=\"\" class=\"wp-image-330\" srcset=\"https:\/\/clubtecleno.org\/wp-content\/uploads\/2021\/02\/ban-clubtecleno-0-1-1024x191.jpg 1024w, https:\/\/clubtecleno.org\/wp-content\/uploads\/2021\/02\/ban-clubtecleno-0-1-300x56.jpg 300w, https:\/\/clubtecleno.org\/wp-content\/uploads\/2021\/02\/ban-clubtecleno-0-1-768x143.jpg 768w, https:\/\/clubtecleno.org\/wp-content\/uploads\/2021\/02\/ban-clubtecleno-0-1.jpg 1200w\" sizes=\"(max-width: 1024px) 100vw, 1024px\" \/><figcaption>Si deseas m\u00e1s informaci\u00f3n para convertirte en miembro ingresa <a href=\"https:\/\/clubtecleno.org\/index.php\/contactenos\/\">aqu\u00ed<\/a> | Si eres miembro inicia sesi\u00f3n <a href=\"https:\/\/clubtecleno.org\/index.php\/bienvenidos-miembros\/\">aqu\u00ed<\/a><\/figcaption><\/figure><\/div>\n\n\n\n<h2 class=\"has-text-align-center wp-block-heading\">Ubicaci\u00f3n<\/h2>\n\n\n\n<iframe src=\"https:\/\/www.google.com\/maps\/embed?pb=!1m18!1m12!1m3!1d2305.087848073081!2d-89.2865753054248!3d13.677198773895903!2m3!1f0!2f0!3f0!3m2!1i1024!2i768!4f13.1!3m3!1m2!1s0x8f632eff6bd88dc3%3A0x69452bdaaa218b67!2sCLUB%20TECLE%C3%91O!5e0!3m2!1ses-419!2ssv!4v1614054662965!5m2!1ses-419!2ssv\" style=\"border:0;\" allowfullscreen=\"\" loading=\"lazy\" width=\"1200\" height=\"450\"><\/iframe>\n\t\t\t\t\t\t\t\t<\/div>\n\t\t\t\t<\/div>\n\t\t\t\t\t<\/div>\n\t\t<\/div>\n\t\t\t\t\t<\/div>\n\t\t<\/section>\n\t\t\t\t<\/div>\n\t\t","protected":false},"excerpt":{"rendered":"<p>M\u00e1s de 100 a\u00f1os en el alma de Santa Tecla. Fundado en 1893, Club Tecle\u00f1o pone a tu disposici\u00f3n sus amplias y vers\u00e1tiles instalaciones.&nbsp; Contamos con espacios al aire libre, ideales para disfrutar de una tarde en familia, degustando nuestra exquisita gastronom\u00eda, en un ambiente pac\u00edfico y, sobre todo, acogedor&#8230;.<\/p>\n","protected":false},"author":2,"featured_media":0,"parent":0,"menu_order":0,"comment_status":"closed","ping_status":"closed","template":"page-templates\/full-width.php","meta":{"footnotes":""},"class_list":["post-12","page","type-page","status-publish","hentry"],"_links":{"self":[{"href":"https:\/\/clubtecleno.org\/index.php\/wp-json\/wp\/v2\/pages\/12","targetHints":{"allow":["GET"]}}],"collection":[{"href":"https:\/\/clubtecleno.org\/index.php\/wp-json\/wp\/v2\/pages"}],"about":[{"href":"https:\/\/clubtecleno.org\/index.php\/wp-json\/wp\/v2\/types\/page"}],"author":[{"embeddable":true,"href":"https:\/\/clubtecleno.org\/index.php\/wp-json\/wp\/v2\/users\/2"}],"replies":[{"embeddable":true,"href":"https:\/\/clubtecleno.org\/index.php\/wp-json\/wp\/v2\/comments?post=12"}],"version-history":[{"count":104,"href":"https:\/\/clubtecleno.org\/index.php\/wp-json\/wp\/v2\/pages\/12\/revisions"}],"predecessor-version":[{"id":38701,"href":"https:\/\/clubtecleno.org\/index.php\/wp-json\/wp\/v2\/pages\/12\/revisions\/38701"}],"wp:attachment":[{"href":"https:\/\/clubtecleno.org\/index.php\/wp-json\/wp\/v2\/media?parent=12"}],"curies":[{"name":"wp","href":"https:\/\/api.w.org\/{rel}","templated":true}]}}