{"id":1179,"date":"2021-08-11T00:38:00","date_gmt":"2021-08-11T00:38:00","guid":{"rendered":"https:\/\/clubtecleno.org\/?page_id=1179"},"modified":"2021-10-15T00:25:25","modified_gmt":"2021-10-15T00:25:25","slug":"tour-de-playa","status":"publish","type":"page","link":"https:\/\/clubtecleno.org\/index.php\/tour-de-playa\/","title":{"rendered":"Tour de Playa"},"content":{"rendered":"\n<p>Ubicado en el kil\u00f3metro 41\/2 de la Carretera el Litoral, en Tamanique, La Libertad, Club Tecle\u00f1o de Playa ofrece otra gran opci\u00f3n para alejarse de los suburbios y del estr\u00e9s del d\u00eda a d\u00eda, en un ambiente completamente familiar, pac\u00edfico e ideal para pasar un fin de semana en compa\u00f1\u00eda de tus seres queridos.<\/p>\n\n\n\n<p>Las amplias instalaciones ofrecen una vista espectacular hacia la tradicional roca del \u201cTunco\u201d, un sitio tur\u00edstico por excelencia y muy preciado de nuestro pa\u00eds. Contamos con glorietas frente al mar para pasar un d\u00eda lleno de relajaci\u00f3n, piscina familiar y piscina para los ni\u00f1os. Adem\u00e1s, ofrecemos la opci\u00f3n de disfrutar del mejor ambiente playero por la noche, con ocho caba\u00f1as completamente equipadas con electrodom\u00e9sticos, aire acondicionado, ba\u00f1os propios y camarotes, para pasar la noche en familia, arrullados por el sonido de las olas del mar.<\/p>\n\n\n\n<p>No podemos dejar de lado nuestra deleitable gastronom\u00eda, compuesta por platillos del mar y de la tierra, ideales y variados para todos los paladares y diversos gustos de nuestros visitantes.&nbsp;<\/p>\n\n\n\n<figure class=\"wp-block-gallery columns-3 is-cropped wp-block-gallery-1 is-layout-flex wp-block-gallery-is-layout-flex\"><ul class=\"blocks-gallery-grid\"><li class=\"blocks-gallery-item\"><figure><a href=\"https:\/\/clubtecleno.org\/wp-content\/uploads\/2021\/07\/playaeltunco-clubtecleno.jpg\"><img fetchpriority=\"high\" decoding=\"async\" width=\"1024\" height=\"761\" src=\"https:\/\/clubtecleno.org\/wp-content\/uploads\/2021\/07\/playaeltunco-clubtecleno-1024x761.jpg\" alt=\"\" data-id=\"964\" data-full-url=\"https:\/\/clubtecleno.org\/wp-content\/uploads\/2021\/07\/playaeltunco-clubtecleno.jpg\" data-link=\"https:\/\/clubtecleno.org\/playaeltunco-clubtecleno\/\" class=\"wp-image-964\" srcset=\"https:\/\/clubtecleno.org\/wp-content\/uploads\/2021\/07\/playaeltunco-clubtecleno-1024x761.jpg 1024w, https:\/\/clubtecleno.org\/wp-content\/uploads\/2021\/07\/playaeltunco-clubtecleno-300x223.jpg 300w, https:\/\/clubtecleno.org\/wp-content\/uploads\/2021\/07\/playaeltunco-clubtecleno-768x571.jpg 768w, https:\/\/clubtecleno.org\/wp-content\/uploads\/2021\/07\/playaeltunco-clubtecleno.jpg 1033w\" sizes=\"(max-width: 1024px) 100vw, 1024px\" \/><\/a><figcaption class=\"blocks-gallery-item__caption\">Excelente ubicaci\u00f3n frente al mar<\/figcaption><\/figure><\/li><li class=\"blocks-gallery-item\"><figure><a href=\"https:\/\/clubtecleno.org\/wp-content\/uploads\/2021\/03\/playa-clubtecleno-elsalvador03-min.jpg\"><img decoding=\"async\" width=\"1024\" height=\"644\" src=\"https:\/\/clubtecleno.org\/wp-content\/uploads\/2021\/03\/playa-clubtecleno-elsalvador03-min-1024x644.jpg\" alt=\"\" data-id=\"524\" data-full-url=\"https:\/\/clubtecleno.org\/wp-content\/uploads\/2021\/03\/playa-clubtecleno-elsalvador03-min.jpg\" data-link=\"https:\/\/clubtecleno.org\/index.php\/tour\/playa-clubtecleno-elsalvador03-min\/\" class=\"wp-image-524\" srcset=\"https:\/\/clubtecleno.org\/wp-content\/uploads\/2021\/03\/playa-clubtecleno-elsalvador03-min-1024x644.jpg 1024w, https:\/\/clubtecleno.org\/wp-content\/uploads\/2021\/03\/playa-clubtecleno-elsalvador03-min-300x189.jpg 300w, https:\/\/clubtecleno.org\/wp-content\/uploads\/2021\/03\/playa-clubtecleno-elsalvador03-min-768x483.jpg 768w, https:\/\/clubtecleno.org\/wp-content\/uploads\/2021\/03\/playa-clubtecleno-elsalvador03-min-1536x965.jpg 1536w, https:\/\/clubtecleno.org\/wp-content\/uploads\/2021\/03\/playa-clubtecleno-elsalvador03-min.jpg 2000w\" sizes=\"(max-width: 1024px) 100vw, 1024px\" \/><\/a><figcaption class=\"blocks-gallery-item__caption\">Espectacular ubicaci\u00f3n frente a roca de playa El Tunco<\/figcaption><\/figure><\/li><li class=\"blocks-gallery-item\"><figure><a href=\"https:\/\/clubtecleno.org\/wp-content\/uploads\/2021\/03\/playa-clubtecleno-elsalvador06-min.jpg\"><img decoding=\"async\" width=\"1024\" height=\"644\" src=\"https:\/\/clubtecleno.org\/wp-content\/uploads\/2021\/03\/playa-clubtecleno-elsalvador06-min-1024x644.jpg\" alt=\"\" data-id=\"530\" data-full-url=\"https:\/\/clubtecleno.org\/wp-content\/uploads\/2021\/03\/playa-clubtecleno-elsalvador06-min.jpg\" data-link=\"https:\/\/clubtecleno.org\/index.php\/tour\/playa-clubtecleno-elsalvador06-min\/\" class=\"wp-image-530\" srcset=\"https:\/\/clubtecleno.org\/wp-content\/uploads\/2021\/03\/playa-clubtecleno-elsalvador06-min-1024x644.jpg 1024w, https:\/\/clubtecleno.org\/wp-content\/uploads\/2021\/03\/playa-clubtecleno-elsalvador06-min-300x189.jpg 300w, https:\/\/clubtecleno.org\/wp-content\/uploads\/2021\/03\/playa-clubtecleno-elsalvador06-min-768x483.jpg 768w, https:\/\/clubtecleno.org\/wp-content\/uploads\/2021\/03\/playa-clubtecleno-elsalvador06-min-1536x965.jpg 1536w, https:\/\/clubtecleno.org\/wp-content\/uploads\/2021\/03\/playa-clubtecleno-elsalvador06-min.jpg 2000w\" sizes=\"(max-width: 1024px) 100vw, 1024px\" \/><\/a><figcaption class=\"blocks-gallery-item__caption\">Diversi\u00f3n garantizada con amplias instalaciones\n<\/figcaption><\/figure><\/li><li class=\"blocks-gallery-item\"><figure><a href=\"https:\/\/clubtecleno.org\/wp-content\/uploads\/2021\/03\/clubteclenoplayaeltunco.jpg\"><img loading=\"lazy\" decoding=\"async\" width=\"1024\" height=\"644\" src=\"https:\/\/clubtecleno.org\/wp-content\/uploads\/2021\/03\/clubteclenoplayaeltunco-1024x644.jpg\" alt=\"\" data-id=\"532\" data-full-url=\"https:\/\/clubtecleno.org\/wp-content\/uploads\/2021\/03\/clubteclenoplayaeltunco.jpg\" data-link=\"https:\/\/clubtecleno.org\/index.php\/tour\/clubteclenoplayaeltunco\/\" class=\"wp-image-532\" srcset=\"https:\/\/clubtecleno.org\/wp-content\/uploads\/2021\/03\/clubteclenoplayaeltunco-1024x644.jpg 1024w, https:\/\/clubtecleno.org\/wp-content\/uploads\/2021\/03\/clubteclenoplayaeltunco-300x189.jpg 300w, https:\/\/clubtecleno.org\/wp-content\/uploads\/2021\/03\/clubteclenoplayaeltunco-768x483.jpg 768w, https:\/\/clubtecleno.org\/wp-content\/uploads\/2021\/03\/clubteclenoplayaeltunco-1536x965.jpg 1536w, https:\/\/clubtecleno.org\/wp-content\/uploads\/2021\/03\/clubteclenoplayaeltunco.jpg 2000w\" sizes=\"(max-width: 1024px) 100vw, 1024px\" \/><\/a><figcaption class=\"blocks-gallery-item__caption\">Amplias \u00e1reas verdes para el sano esparcimiento<\/figcaption><\/figure><\/li><li class=\"blocks-gallery-item\"><figure><a href=\"https:\/\/clubtecleno.org\/wp-content\/uploads\/2021\/07\/PUBLICIDAD-2-scaled.jpg\"><img loading=\"lazy\" decoding=\"async\" width=\"1024\" height=\"576\" src=\"https:\/\/clubtecleno.org\/wp-content\/uploads\/2021\/07\/PUBLICIDAD-2-1024x576.jpg\" alt=\"\" data-id=\"962\" data-full-url=\"https:\/\/clubtecleno.org\/wp-content\/uploads\/2021\/07\/PUBLICIDAD-2-scaled.jpg\" data-link=\"https:\/\/clubtecleno.org\/publicidad-2\/\" class=\"wp-image-962\" srcset=\"https:\/\/clubtecleno.org\/wp-content\/uploads\/2021\/07\/PUBLICIDAD-2-1024x576.jpg 1024w, https:\/\/clubtecleno.org\/wp-content\/uploads\/2021\/07\/PUBLICIDAD-2-300x169.jpg 300w, https:\/\/clubtecleno.org\/wp-content\/uploads\/2021\/07\/PUBLICIDAD-2-768x432.jpg 768w, https:\/\/clubtecleno.org\/wp-content\/uploads\/2021\/07\/PUBLICIDAD-2-1536x864.jpg 1536w, https:\/\/clubtecleno.org\/wp-content\/uploads\/2021\/07\/PUBLICIDAD-2-2048x1152.jpg 2048w\" sizes=\"(max-width: 1024px) 100vw, 1024px\" \/><\/a><figcaption class=\"blocks-gallery-item__caption\">\u00bfDespertar en el mar? \u00a1Qu\u00e9date en nuestras caba\u00f1as!<\/figcaption><\/figure><\/li><li class=\"blocks-gallery-item\"><figure><a href=\"https:\/\/clubtecleno.org\/wp-content\/uploads\/2021\/07\/IGLOO.jpg\"><img loading=\"lazy\" decoding=\"async\" width=\"960\" height=\"539\" src=\"https:\/\/clubtecleno.org\/wp-content\/uploads\/2021\/07\/IGLOO.jpg\" alt=\"\" data-id=\"963\" data-full-url=\"https:\/\/clubtecleno.org\/wp-content\/uploads\/2021\/07\/IGLOO.jpg\" data-link=\"https:\/\/clubtecleno.org\/igloo\/\" class=\"wp-image-963\" srcset=\"https:\/\/clubtecleno.org\/wp-content\/uploads\/2021\/07\/IGLOO.jpg 960w, https:\/\/clubtecleno.org\/wp-content\/uploads\/2021\/07\/IGLOO-300x168.jpg 300w, https:\/\/clubtecleno.org\/wp-content\/uploads\/2021\/07\/IGLOO-768x431.jpg 768w\" sizes=\"(max-width: 960px) 100vw, 960px\" \/><\/a><figcaption class=\"blocks-gallery-item__caption\">&#8211; \u00a1Te esperamos en el mejor ambiente familiar!<\/figcaption><\/figure><\/li><li class=\"blocks-gallery-item\"><figure><a href=\"https:\/\/clubtecleno.org\/wp-content\/uploads\/2021\/07\/piscina-clubtecleno-clubdeplaya.jpg\"><img loading=\"lazy\" decoding=\"async\" width=\"1024\" height=\"761\" src=\"https:\/\/clubtecleno.org\/wp-content\/uploads\/2021\/07\/piscina-clubtecleno-clubdeplaya-1024x761.jpg\" alt=\"\" data-id=\"965\" data-full-url=\"https:\/\/clubtecleno.org\/wp-content\/uploads\/2021\/07\/piscina-clubtecleno-clubdeplaya.jpg\" data-link=\"https:\/\/clubtecleno.org\/piscina-clubtecleno-clubdeplaya\/\" class=\"wp-image-965\" srcset=\"https:\/\/clubtecleno.org\/wp-content\/uploads\/2021\/07\/piscina-clubtecleno-clubdeplaya-1024x761.jpg 1024w, https:\/\/clubtecleno.org\/wp-content\/uploads\/2021\/07\/piscina-clubtecleno-clubdeplaya-300x223.jpg 300w, https:\/\/clubtecleno.org\/wp-content\/uploads\/2021\/07\/piscina-clubtecleno-clubdeplaya-768x571.jpg 768w, https:\/\/clubtecleno.org\/wp-content\/uploads\/2021\/07\/piscina-clubtecleno-clubdeplaya.jpg 1033w\" sizes=\"(max-width: 1024px) 100vw, 1024px\" \/><\/a><figcaption class=\"blocks-gallery-item__caption\">Contamos con piscina familiar y piscina infantil<\/figcaption><\/figure><\/li><li class=\"blocks-gallery-item\"><figure><a href=\"https:\/\/clubtecleno.org\/wp-content\/uploads\/2021\/03\/playa-clubtecleno-elsalvador112-min.jpg\"><img loading=\"lazy\" decoding=\"async\" width=\"1024\" height=\"644\" src=\"https:\/\/clubtecleno.org\/wp-content\/uploads\/2021\/03\/playa-clubtecleno-elsalvador112-min-1024x644.jpg\" alt=\"\" data-id=\"544\" data-full-url=\"https:\/\/clubtecleno.org\/wp-content\/uploads\/2021\/03\/playa-clubtecleno-elsalvador112-min.jpg\" data-link=\"https:\/\/clubtecleno.org\/index.php\/tour\/playa-clubtecleno-elsalvador112-min\/\" class=\"wp-image-544\" srcset=\"https:\/\/clubtecleno.org\/wp-content\/uploads\/2021\/03\/playa-clubtecleno-elsalvador112-min-1024x644.jpg 1024w, https:\/\/clubtecleno.org\/wp-content\/uploads\/2021\/03\/playa-clubtecleno-elsalvador112-min-300x189.jpg 300w, https:\/\/clubtecleno.org\/wp-content\/uploads\/2021\/03\/playa-clubtecleno-elsalvador112-min-768x483.jpg 768w, https:\/\/clubtecleno.org\/wp-content\/uploads\/2021\/03\/playa-clubtecleno-elsalvador112-min-1536x965.jpg 1536w, https:\/\/clubtecleno.org\/wp-content\/uploads\/2021\/03\/playa-clubtecleno-elsalvador112-min.jpg 2000w\" sizes=\"(max-width: 1024px) 100vw, 1024px\" \/><\/a><figcaption class=\"blocks-gallery-item__caption\">Ven y disfruta de la brisa marina<\/figcaption><\/figure><\/li><\/ul><\/figure>\n","protected":false},"excerpt":{"rendered":"<p>Ubicado en el kil\u00f3metro 41\/2 de la Carretera el Litoral, en Tamanique, La Libertad, Club Tecle\u00f1o de Playa ofrece otra gran opci\u00f3n para alejarse de los suburbios y del estr\u00e9s del d\u00eda a d\u00eda, en un ambiente completamente familiar, pac\u00edfico e ideal para pasar un fin de semana en compa\u00f1\u00eda&#8230;<\/p>\n","protected":false},"author":2,"featured_media":0,"parent":0,"menu_order":0,"comment_status":"closed","ping_status":"closed","template":"page-templates\/full-width.php","meta":{"footnotes":""},"class_list":["post-1179","page","type-page","status-publish","hentry"],"_links":{"self":[{"href":"https:\/\/clubtecleno.org\/index.php\/wp-json\/wp\/v2\/pages\/1179","targetHints":{"allow":["GET"]}}],"collection":[{"href":"https:\/\/clubtecleno.org\/index.php\/wp-json\/wp\/v2\/pages"}],"about":[{"href":"https:\/\/clubtecleno.org\/index.php\/wp-json\/wp\/v2\/types\/page"}],"author":[{"embeddable":true,"href":"https:\/\/clubtecleno.org\/index.php\/wp-json\/wp\/v2\/users\/2"}],"replies":[{"embeddable":true,"href":"https:\/\/clubtecleno.org\/index.php\/wp-json\/wp\/v2\/comments?post=1179"}],"version-history":[{"count":6,"href":"https:\/\/clubtecleno.org\/index.php\/wp-json\/wp\/v2\/pages\/1179\/revisions"}],"predecessor-version":[{"id":1458,"href":"https:\/\/clubtecleno.org\/index.php\/wp-json\/wp\/v2\/pages\/1179\/revisions\/1458"}],"wp:attachment":[{"href":"https:\/\/clubtecleno.org\/index.php\/wp-json\/wp\/v2\/media?parent=1179"}],"curies":[{"name":"wp","href":"https:\/\/api.w.org\/{rel}","templated":true}]}}